{"id":1588,"date":"2024-08-15T14:27:26","date_gmt":"2024-08-15T14:27:26","guid":{"rendered":"https:\/\/www.osteopalma.eu\/osteopath-kai-kunkel\/"},"modified":"2024-08-15T14:39:01","modified_gmt":"2024-08-15T14:39:01","slug":"osteopath-kai-kunkel","status":"publish","type":"page","link":"https:\/\/www.osteopalma.eu\/de\/osteopath-kai-kunkel\/","title":{"rendered":"Osteopath Kai Kunkel"},"content":{"rendered":"<p>[et_pb_section fb_built=&#8220;1&#8243; admin_label=&#8220;Hero&#8220; _builder_version=&#8220;4.27.0&#8243; use_background_color_gradient=&#8220;on&#8220; background_color_gradient_stops=&#8220;rgba(255,255,255,0.43) 0%|rgba(255,255,255,0.43) 100%&#8220; background_color_gradient_overlays_image=&#8220;on&#8220; background_color_gradient_start=&#8220;rgba(255,255,255,0.43)&#8220; background_color_gradient_end=&#8220;rgba(255,255,255,0.43)&#8220; background_image=&#8220;https:\/\/www.osteopalma.eu\/wp-content\/uploads\/2024\/08\/osteopalma-kai-kunkel-osteopath-mallorca-banner.jpg&#8220; custom_padding=&#8220;10vw||10vw||true|&#8220; global_colors_info=&#8220;{}&#8220;][et_pb_row _builder_version=&#8220;4.16&#8243; background_size=&#8220;initial&#8220; background_position=&#8220;top_left&#8220; background_repeat=&#8220;repeat&#8220; global_colors_info=&#8220;{}&#8220;][et_pb_column type=&#8220;4_4&#8243; _builder_version=&#8220;4.16&#8243; custom_padding=&#8220;|||&#8220; global_colors_info=&#8220;{}&#8220; custom_padding__hover=&#8220;|||&#8220;][et_pb_text _builder_version=&#8220;4.27.0&#8243; _module_preset=&#8220;default&#8220; header_text_align=&#8220;left&#8220; header_text_color=&#8220;#234a5e&#8220; header_font_size=&#8220;38px&#8220; header_line_height=&#8220;1.5em&#8220; custom_margin=&#8220;||||false|false&#8220; header_font_size_tablet=&#8220;32px&#8220; header_font_size_phone=&#8220;28px&#8220; header_font_size_last_edited=&#8220;on|phone&#8220; global_colors_info=&#8220;{}&#8220;]<\/p>\n<h1>OSTEOPATH<\/h1>\n<h1><strong>Kai Kunkel<\/strong><\/h1>\n<p>[\/et_pb_text][et_pb_button button_url=&#8220;@ET-DC@eyJkeW5hbWljIjp0cnVlLCJjb250ZW50IjoicG9zdF9saW5rX3VybF9wYWdlIiwic2V0dGluZ3MiOnsicG9zdF9pZCI6IjIzNyIsImVuYWJsZV9odG1sIjoib2ZmIn19@&#8220; button_text=&#8220;Buchen Sie jetzt&#8220; button_alignment=&#8220;left&#8220; _builder_version=&#8220;4.16&#8243; _dynamic_attributes=&#8220;button_url&#8220; _module_preset=&#8220;default&#8220; global_colors_info=&#8220;{}&#8220;][\/et_pb_button][\/et_pb_column][\/et_pb_row][\/et_pb_section][et_pb_section fb_built=&#8220;1&#8243; _builder_version=&#8220;4.16&#8243; _module_preset=&#8220;default&#8220; custom_margin=&#8220;0px|0px|0px|0px|false|false&#8220; custom_padding=&#8220;0px|0px|0px|0px|false|false&#8220; global_colors_info=&#8220;{}&#8220;][et_pb_row column_structure=&#8220;1_4,1_4,1_4,1_4&#8243; use_custom_gutter=&#8220;on&#8220; gutter_width=&#8220;1&#8243; _builder_version=&#8220;4.27.0&#8243; _module_preset=&#8220;default&#8220; width=&#8220;100%&#8220; custom_margin=&#8220;0px|0px|0px|0px|false|false&#8220; custom_padding=&#8220;0px|0px|0px|0px|false|false&#8220; global_colors_info=&#8220;{}&#8220;][et_pb_column type=&#8220;1_4&#8243; _builder_version=&#8220;4.27.0&#8243; _module_preset=&#8220;default&#8220; background_image=&#8220;https:\/\/www.osteopalma.eu\/wp-content\/uploads\/2024\/08\/osteopalma-kai-kunkel-osteopath-mallorca-1.jpg&#8220; global_colors_info=&#8220;{}&#8220;][et_pb_text _builder_version=&#8220;4.16&#8243; _module_preset=&#8220;default&#8220; height=&#8220;300px&#8220; global_colors_info=&#8220;{}&#8220;][\/et_pb_text][\/et_pb_column][et_pb_column type=&#8220;1_4&#8243; _builder_version=&#8220;4.27.0&#8243; _module_preset=&#8220;default&#8220; background_image=&#8220;https:\/\/www.osteopalma.eu\/wp-content\/uploads\/2024\/08\/osteopalma-kai-kunkel-osteopath-mallorca-3.jpg&#8220; global_colors_info=&#8220;{}&#8220;][et_pb_text _builder_version=&#8220;4.16&#8243; _module_preset=&#8220;default&#8220; height=&#8220;300px&#8220; global_colors_info=&#8220;{}&#8220;][\/et_pb_text][\/et_pb_column][et_pb_column type=&#8220;1_4&#8243; _builder_version=&#8220;4.27.0&#8243; _module_preset=&#8220;default&#8220; background_image=&#8220;https:\/\/www.osteopalma.eu\/wp-content\/uploads\/2024\/08\/osteopalma-kai-kunkel-osteopath-mallorca-4.jpg&#8220; global_colors_info=&#8220;{}&#8220;][et_pb_text _builder_version=&#8220;4.16&#8243; _module_preset=&#8220;default&#8220; height=&#8220;300px&#8220; global_colors_info=&#8220;{}&#8220;][\/et_pb_text][\/et_pb_column][et_pb_column type=&#8220;1_4&#8243; _builder_version=&#8220;4.27.0&#8243; _module_preset=&#8220;default&#8220; background_image=&#8220;https:\/\/www.osteopalma.eu\/wp-content\/uploads\/2024\/08\/osteopalma-kai-kunkel-osteopath-mallorca-2.jpg&#8220; global_colors_info=&#8220;{}&#8220;][et_pb_text _builder_version=&#8220;4.16&#8243; _module_preset=&#8220;default&#8220; height=&#8220;300px&#8220; global_colors_info=&#8220;{}&#8220;][\/et_pb_text][\/et_pb_column][\/et_pb_row][\/et_pb_section][et_pb_section fb_built=&#8220;1&#8243; admin_label=&#8220;Features&#8220; _builder_version=&#8220;4.16&#8243; custom_padding=&#8220;100px|0px|82px|0px||&#8220; global_colors_info=&#8220;{}&#8220;][et_pb_row column_structure=&#8220;1_2,1_2&#8243; _builder_version=&#8220;4.16&#8243; global_colors_info=&#8220;{}&#8220;][et_pb_column type=&#8220;1_2&#8243; _builder_version=&#8220;4.16&#8243; custom_padding=&#8220;|||&#8220; global_colors_info=&#8220;{}&#8220; custom_padding__hover=&#8220;|||&#8220;][et_pb_image src=&#8220;https:\/\/www.osteopalma.eu\/wp-content\/uploads\/2024\/08\/osteopalma-kai-kunkel-osteopath-mallorca-5.jpg&#8220; title_text=&#8220;osteopalma-kai-kunkel-osteopath-mallorca-5&#8243; _builder_version=&#8220;4.27.0&#8243; _module_preset=&#8220;default&#8220; animation_style=&#8220;fade&#8220; global_colors_info=&#8220;{}&#8220;][\/et_pb_image][\/et_pb_column][et_pb_column type=&#8220;1_2&#8243; _builder_version=&#8220;4.16&#8243; custom_padding=&#8220;|||&#8220; global_colors_info=&#8220;{}&#8220; custom_padding__hover=&#8220;|||&#8220;][et_pb_text _builder_version=&#8220;4.27.0&#8243; _module_preset=&#8220;default&#8220; custom_padding=&#8220;||0px|||&#8220; hover_enabled=&#8220;0&#8243; global_colors_info=&#8220;{}&#8220; sticky_enabled=&#8220;0&#8243;]<\/p>\n<h3><strong>KAI KUNKEL<\/strong><\/h3>\n<h3><em>Osteopath  Paediatric osteopath<\/em><\/h3>\n<h3>Deutsch \u2013 Englisch<\/h3>\n<p>[\/et_pb_text][et_pb_text _builder_version=&#8220;4.27.0&#8243; _module_preset=&#8220;default&#8220; hover_enabled=&#8220;0&#8243; global_colors_info=&#8220;{}&#8220; sticky_enabled=&#8220;0&#8243;]<\/p>\n<p>Meine Reise in die Welt der Osteopathie begann \u00fcber viele Entt\u00e4uschungen im Bereich der \u00c4rzteschaft. Sehr fr\u00fch in meinem Leben bekam ich Bekanntschaft mit dem Gef\u00fchl des Schmerzes. <\/p>\n<p>Sowohl K\u00f6rperliches als auch Seelisch. Dies f\u00fchrte mich in die Welt der Physiotherapie, was auch meine erste berufliche Station in meinem Leben war. Jedoch merkte ich schnell, dass diese Form der Therapie enorme Grenzen hat und f\u00fcr mich viele Fragen offen blieben, wie der K\u00f6rper wirklich \u201cfunktioniert\u201d.  <\/p>\n<p>Was nun? Das einzige Konzept, was Inhaltlich am meisten Klarheit versprach, war die Osteopathie. Die Kunst der Osteopathie ist es, wirklich alles in Bezug setzen zu k\u00f6nnen, um so die wirkliche Ursache zu finden und behandeln zu k\u00f6nnen.  <\/p>\n<p>[\/et_pb_text][\/et_pb_column][\/et_pb_row][et_pb_row column_structure=&#8220;1_2,1_2&#8243; _builder_version=&#8220;4.16&#8243; global_colors_info=&#8220;{}&#8220;][et_pb_column type=&#8220;1_2&#8243; _builder_version=&#8220;4.16&#8243; custom_padding=&#8220;|||&#8220; global_colors_info=&#8220;{}&#8220; custom_padding__hover=&#8220;|||&#8220;][et_pb_text _builder_version=&#8220;4.27.0&#8243; _module_preset=&#8220;default&#8220; hover_enabled=&#8220;0&#8243; global_colors_info=&#8220;{}&#8220; sticky_enabled=&#8220;0&#8243;]<\/p>\n<p>Durch dieses Wissen war es mir m\u00f6glich, meine k\u00f6rperlichen Beschwerden zu verstehen und nach jahrelanger Symptombehandlung endlich meine Ursache zu beheben.<\/p>\n<p>Die Osteopathie ist f\u00fcr mich einfach alles, Sie hat mir meine Lebensqualit\u00e4t wiedergegeben. Deshalb absolvierte ich noch die Weiterbildung zum Kinderosteopathen, um wirklich allen Altersgruppen, von jung bis alt. <\/p>\n<p>Mir steht der Mensch als Ganzes im Mittelpunkt. Ich glaube fest daran, dass unser K\u00f6rper, Geist und Seele miteinander verbunden sind und nur im Einklang optimal funktionieren k\u00f6nnen. Daher ziele ich darauf ab, keine Symptome zu behandeln, sondern die zugrunde liegenden Ursachen zu identifizieren und zu beheben.  <\/p>\n<p>[\/et_pb_text][\/et_pb_column][et_pb_column type=&#8220;1_2&#8243; _builder_version=&#8220;4.16&#8243; custom_padding=&#8220;|||&#8220; global_colors_info=&#8220;{}&#8220; custom_padding__hover=&#8220;|||&#8220;][et_pb_image src=&#8220;https:\/\/www.osteopalma.eu\/wp-content\/uploads\/2024\/08\/osteopalma-kai-kunkel-osteopath-mallorca-6.jpg&#8220; title_text=&#8220;osteopalma-kai-kunkel-osteopath-mallorca-6&#8243; _builder_version=&#8220;4.27.0&#8243; _module_preset=&#8220;default&#8220; animation_style=&#8220;fade&#8220; global_colors_info=&#8220;{}&#8220;][\/et_pb_image][\/et_pb_column][\/et_pb_row][\/et_pb_section][et_pb_section fb_built=&#8220;1&#8243; admin_label=&#8220;Features&#8220; _builder_version=&#8220;4.16&#8243; custom_padding=&#8220;0px|0px|0px|0px&#8220; global_colors_info=&#8220;{}&#8220;][et_pb_row column_structure=&#8220;1_2,1_2&#8243; use_custom_gutter=&#8220;on&#8220; gutter_width=&#8220;1&#8243; make_equal=&#8220;on&#8220; admin_label=&#8220;CTA Row&#8220; module_class=&#8220; et_pb_row_fullwidth&#8220; _builder_version=&#8220;4.27.0&#8243; width=&#8220;100%&#8220; width_tablet=&#8220;100%&#8220; width_phone=&#8220;&#8220; width_last_edited=&#8220;on|desktop&#8220; max_width=&#8220;100%&#8220; max_width_tablet=&#8220;100%&#8220; max_width_phone=&#8220;&#8220; max_width_last_edited=&#8220;on|desktop&#8220; custom_padding=&#8220;0px|0px|0px|0px&#8220; make_fullwidth=&#8220;on&#8220; global_colors_info=&#8220;{}&#8220;][et_pb_column type=&#8220;1_2&#8243; _builder_version=&#8220;4.27.0&#8243; background_image=&#8220;https:\/\/www.osteopalma.eu\/wp-content\/uploads\/2024\/08\/osteopalma-kai-kunkel-osteopath-mallorca-7.jpg&#8220; custom_padding=&#8220;|||&#8220; global_colors_info=&#8220;{}&#8220; custom_padding__hover=&#8220;|||&#8220;][et_pb_divider show_divider=&#8220;off&#8220; _builder_version=&#8220;4.16&#8243; height=&#8220;400px&#8220; locked=&#8220;off&#8220; global_colors_info=&#8220;{}&#8220;][\/et_pb_divider][\/et_pb_column][et_pb_column type=&#8220;1_2&#8243; _builder_version=&#8220;4.27.0&#8243; background_color=&#8220;#83C340&#8243; custom_padding=&#8220;|||&#8220; global_colors_info=&#8220;{}&#8220; custom_padding__hover=&#8220;|||&#8220;][et_pb_cta title=&#8220;Buchen Sie Ihre Behandlung&#8220; button_url=&#8220;@ET-DC@eyJkeW5hbWljIjp0cnVlLCJjb250ZW50IjoicG9zdF9saW5rX3VybF9wYWdlIiwic2V0dGluZ3MiOnsicG9zdF9pZCI6IjIzNyIsImVuYWJsZV9odG1sIjoib2ZmIn19@&#8220; button_text=&#8220;ONLINE BUCHEN&#8220; _builder_version=&#8220;4.16&#8243; _dynamic_attributes=&#8220;button_url&#8220; header_font=&#8220;||||||||&#8220; header_text_color=&#8220;#ffffff&#8220; header_font_size=&#8220;38px&#8220; header_line_height=&#8220;1.4em&#8220; body_font=&#8220;|500|||||||&#8220; body_text_color=&#8220;#FFFFFF&#8220; body_line_height=&#8220;1.9em&#8220; use_background_color=&#8220;off&#8220; button_alignment=&#8220;left&#8220; text_orientation=&#8220;left&#8220; max_width=&#8220;580px&#8220; max_width_tablet=&#8220;&#8220; max_width_phone=&#8220;&#8220; max_width_last_edited=&#8220;on|desktop&#8220; module_alignment=&#8220;left&#8220; custom_margin=&#8220;|||&#8220; custom_padding=&#8220;100px|60px|100px|60px&#8220; header_font_size_tablet=&#8220;32px&#8220; header_font_size_phone=&#8220;28px&#8220; header_font_size_last_edited=&#8220;on|phone&#8220; button_text_color_hover=&#8220;#2f3854&#8243; button_border_radius_hover=&#8220;66px&#8220; button_letter_spacing_hover=&#8220;1px&#8220; button_bg_color_hover=&#8220;#ffffff&#8220; global_colors_info=&#8220;{}&#8220; button_text_size__hover_enabled=&#8220;off&#8220; button_one_text_size__hover_enabled=&#8220;off&#8220; button_two_text_size__hover_enabled=&#8220;off&#8220; button_text_color__hover_enabled=&#8220;on&#8220; button_text_color__hover=&#8220;#2f3854&#8243; button_one_text_color__hover_enabled=&#8220;off&#8220; button_two_text_color__hover_enabled=&#8220;off&#8220; button_border_width__hover_enabled=&#8220;off&#8220; button_one_border_width__hover_enabled=&#8220;off&#8220; button_two_border_width__hover_enabled=&#8220;off&#8220; button_border_color__hover_enabled=&#8220;off&#8220; button_one_border_color__hover_enabled=&#8220;off&#8220; button_two_border_color__hover_enabled=&#8220;off&#8220; button_border_radius__hover_enabled=&#8220;on&#8220; button_border_radius__hover=&#8220;66px&#8220; button_one_border_radius__hover_enabled=&#8220;off&#8220; button_two_border_radius__hover_enabled=&#8220;off&#8220; button_letter_spacing__hover_enabled=&#8220;on&#8220; button_letter_spacing__hover=&#8220;1px&#8220; button_one_letter_spacing__hover_enabled=&#8220;off&#8220; button_two_letter_spacing__hover_enabled=&#8220;off&#8220; button_bg_color__hover_enabled=&#8220;on&#8220; button_bg_color__hover=&#8220;#ffffff&#8220; button_one_bg_color__hover_enabled=&#8220;off&#8220; button_two_bg_color__hover_enabled=&#8220;off&#8220;]<\/p>\n<p>Es ist ganz einfach, Ihre Behandlung bei Kai \u00fcber unser Online-Buchungssystem zu buchen.<\/p>\n<p>[\/et_pb_cta][\/et_pb_column][\/et_pb_row][\/et_pb_section]<\/p>\n","protected":false},"excerpt":{"rendered":"<p>OSTEOPATH Kai KunkelKAI KUNKEL Osteopath Paediatric osteopath Deutsch \u2013 EnglischMeine Reise in die Welt der Osteopathie begann \u00fcber viele Entt\u00e4uschungen im Bereich der \u00c4rzteschaft. Sehr fr\u00fch in meinem Leben bekam ich Bekanntschaft mit dem Gef\u00fchl des Schmerzes. Sowohl K\u00f6rperliches als auch Seelisch. Dies f\u00fchrte mich in die Welt der Physiotherapie, was auch meine erste berufliche [&hellip;]<\/p>\n","protected":false},"author":1,"featured_media":0,"parent":0,"menu_order":0,"comment_status":"closed","ping_status":"closed","template":"","meta":{"_et_pb_use_builder":"on","_et_pb_old_content":"","_et_gb_content_width":"","footnotes":""},"class_list":["post-1588","page","type-page","status-publish","hentry"],"_links":{"self":[{"href":"https:\/\/www.osteopalma.eu\/de\/wp-json\/wp\/v2\/pages\/1588","targetHints":{"allow":["GET"]}}],"collection":[{"href":"https:\/\/www.osteopalma.eu\/de\/wp-json\/wp\/v2\/pages"}],"about":[{"href":"https:\/\/www.osteopalma.eu\/de\/wp-json\/wp\/v2\/types\/page"}],"author":[{"embeddable":true,"href":"https:\/\/www.osteopalma.eu\/de\/wp-json\/wp\/v2\/users\/1"}],"replies":[{"embeddable":true,"href":"https:\/\/www.osteopalma.eu\/de\/wp-json\/wp\/v2\/comments?post=1588"}],"version-history":[{"count":5,"href":"https:\/\/www.osteopalma.eu\/de\/wp-json\/wp\/v2\/pages\/1588\/revisions"}],"predecessor-version":[{"id":1603,"href":"https:\/\/www.osteopalma.eu\/de\/wp-json\/wp\/v2\/pages\/1588\/revisions\/1603"}],"wp:attachment":[{"href":"https:\/\/www.osteopalma.eu\/de\/wp-json\/wp\/v2\/media?parent=1588"}],"curies":[{"name":"wp","href":"https:\/\/api.w.org\/{rel}","templated":true}]}}