{"id":1909,"date":"2025-10-28T17:21:10","date_gmt":"2025-10-28T17:21:10","guid":{"rendered":"https:\/\/www.osteopalma.eu\/?page_id=1909"},"modified":"2025-10-28T19:42:33","modified_gmt":"2025-10-28T19:42:33","slug":"osteopath-nerea-cuesta-lucia","status":"publish","type":"page","link":"https:\/\/www.osteopalma.eu\/de\/osteopath-nerea-cuesta-lucia\/","title":{"rendered":"Osteopath Nerea Cuesta Luc\u00eda"},"content":{"rendered":"<p>[et_pb_section fb_built=&#8220;1&#8243; admin_label=&#8220;Hero&#8220; _builder_version=&#8220;4.27.4&#8243; use_background_color_gradient=&#8220;on&#8220; background_color_gradient_stops=&#8220;rgba(255,255,255,0.43) 0%|rgba(255,255,255,0.43) 100%&#8220; background_color_gradient_overlays_image=&#8220;on&#8220; background_color_gradient_start=&#8220;rgba(255,255,255,0.43)&#8220; background_color_gradient_end=&#8220;rgba(255,255,255,0.43)&#8220; background_image=&#8220;https:\/\/www.osteopalma.eu\/wp-content\/uploads\/2025\/10\/osteopalma-nera-cuesta-lucia-pediatric-osteopath-mallorca.jpg&#8220; custom_padding=&#8220;10vw||10vw||true|&#8220; locked=&#8220;off&#8220; global_colors_info=&#8220;{}&#8220;][et_pb_row _builder_version=&#8220;4.16&#8243; background_size=&#8220;initial&#8220; background_position=&#8220;top_left&#8220; background_repeat=&#8220;repeat&#8220; global_colors_info=&#8220;{}&#8220;][et_pb_column type=&#8220;4_4&#8243; _builder_version=&#8220;4.16&#8243; custom_padding=&#8220;|||&#8220; global_colors_info=&#8220;{}&#8220; custom_padding__hover=&#8220;|||&#8220;][et_pb_text _builder_version=&#8220;4.27.4&#8243; _module_preset=&#8220;default&#8220; header_text_align=&#8220;left&#8220; header_text_color=&#8220;#234a5e&#8220; header_font_size=&#8220;38px&#8220; header_line_height=&#8220;1.5em&#8220; custom_margin=&#8220;||||false|false&#8220; header_font_size_tablet=&#8220;32px&#8220; header_font_size_phone=&#8220;28px&#8220; header_font_size_last_edited=&#8220;on|phone&#8220; global_colors_info=&#8220;{}&#8220;]<\/p>\n<h1>OSTEOPATH<\/h1>\n<h1><b>Nerea Cuesta Luc\u00eda<\/b><\/h1>\n<p>[\/et_pb_text][et_pb_button button_url=&#8220;@ET-DC@eyJkeW5hbWljIjp0cnVlLCJjb250ZW50IjoicG9zdF9saW5rX3VybF9wYWdlIiwic2V0dGluZ3MiOnsicG9zdF9pZCI6IjIzNyIsImVuYWJsZV9odG1sIjoib2ZmIn19@&#8220; button_text=&#8220;Buchen Sie jetzt&#8220; button_alignment=&#8220;left&#8220; _builder_version=&#8220;4.27.4&#8243; _dynamic_attributes=&#8220;button_url&#8220; _module_preset=&#8220;default&#8220; custom_button=&#8220;on&#8220; button_text_color=&#8220;#FFFFFF&#8220; button_border_color=&#8220;#FFFFFF&#8220; global_colors_info=&#8220;{}&#8220; button_text_color__hover=&#8220;#83C340&#8243; button_text_color__hover_enabled=&#8220;on|hover&#8220; button_bg_color__hover=&#8220;#234A5E&#8220; button_bg_color__hover_enabled=&#8220;on|hover&#8220; button_border_radius__hover_enabled=&#8220;on|hover&#8220; button_letter_spacing__hover=&#8220;0px&#8220; button_letter_spacing__hover_enabled=&#8220;on&#8220;][\/et_pb_button][\/et_pb_column][\/et_pb_row][\/et_pb_section][et_pb_section fb_built=&#8220;1&#8243; _builder_version=&#8220;4.16&#8243; _module_preset=&#8220;default&#8220; custom_margin=&#8220;0px|0px|0px|0px|false|false&#8220; custom_padding=&#8220;0px|0px|0px|0px|false|false&#8220; locked=&#8220;off&#8220; global_colors_info=&#8220;{}&#8220;][et_pb_row column_structure=&#8220;1_4,1_4,1_4,1_4&#8243; use_custom_gutter=&#8220;on&#8220; gutter_width=&#8220;1&#8243; _builder_version=&#8220;4.27.4&#8243; _module_preset=&#8220;default&#8220; width=&#8220;100%&#8220; custom_margin=&#8220;0px|0px|0px|0px|false|false&#8220; custom_padding=&#8220;0px|0px|0px|0px|false|false&#8220; global_colors_info=&#8220;{}&#8220;][et_pb_column type=&#8220;1_4&#8243; _builder_version=&#8220;4.27.4&#8243; _module_preset=&#8220;default&#8220; background_image=&#8220;https:\/\/www.osteopalma.eu\/wp-content\/uploads\/2025\/10\/osteopalma-nera-cuesta-lucia-pediatric-osteopath-mallorca-8.jpg&#8220; global_colors_info=&#8220;{}&#8220;][et_pb_text _builder_version=&#8220;4.27.4&#8243; _module_preset=&#8220;default&#8220; height=&#8220;300px&#8220; global_colors_info=&#8220;{}&#8220;][\/et_pb_text][\/et_pb_column][et_pb_column type=&#8220;1_4&#8243; _builder_version=&#8220;4.27.4&#8243; _module_preset=&#8220;default&#8220; background_image=&#8220;https:\/\/www.osteopalma.eu\/wp-content\/uploads\/2025\/10\/osteopalma-nera-cuesta-lucia-pediatric-osteopath-mallorca-7.jpg&#8220; global_colors_info=&#8220;{}&#8220;][et_pb_text _builder_version=&#8220;4.16&#8243; _module_preset=&#8220;default&#8220; height=&#8220;300px&#8220; global_colors_info=&#8220;{}&#8220;][\/et_pb_text][\/et_pb_column][et_pb_column type=&#8220;1_4&#8243; _builder_version=&#8220;4.27.4&#8243; _module_preset=&#8220;default&#8220; background_image=&#8220;https:\/\/www.osteopalma.eu\/wp-content\/uploads\/2025\/10\/osteopalma-nera-cuesta-lucia-pediatric-osteopath-mallorca-5.jpg&#8220; global_colors_info=&#8220;{}&#8220;][et_pb_text _builder_version=&#8220;4.16&#8243; _module_preset=&#8220;default&#8220; height=&#8220;300px&#8220; global_colors_info=&#8220;{}&#8220;][\/et_pb_text][\/et_pb_column][et_pb_column type=&#8220;1_4&#8243; _builder_version=&#8220;4.27.4&#8243; _module_preset=&#8220;default&#8220; background_image=&#8220;https:\/\/www.osteopalma.eu\/wp-content\/uploads\/2025\/10\/osteopalma-nera-cuesta-lucia-pediatric-osteopath-mallorca-6.jpg&#8220; global_colors_info=&#8220;{}&#8220;][et_pb_text _builder_version=&#8220;4.16&#8243; _module_preset=&#8220;default&#8220; height=&#8220;300px&#8220; global_colors_info=&#8220;{}&#8220;][\/et_pb_text][\/et_pb_column][\/et_pb_row][\/et_pb_section][et_pb_section fb_built=&#8220;1&#8243; admin_label=&#8220;Features&#8220; _builder_version=&#8220;4.16&#8243; custom_padding=&#8220;100px|0px|82px|0px||&#8220; locked=&#8220;off&#8220; global_colors_info=&#8220;{}&#8220;][et_pb_row column_structure=&#8220;1_2,1_2&#8243; _builder_version=&#8220;4.16&#8243; global_colors_info=&#8220;{}&#8220;][et_pb_column type=&#8220;1_2&#8243; _builder_version=&#8220;4.16&#8243; custom_padding=&#8220;|||&#8220; global_colors_info=&#8220;{}&#8220; custom_padding__hover=&#8220;|||&#8220;][et_pb_image src=&#8220;https:\/\/www.osteopalma.eu\/wp-content\/uploads\/2025\/10\/osteopalma-nera-cuesta-lucia-pediatric-osteopath-mallorca-03.jpg&#8220; title_text=&#8220;osteopalma-nera-cuesta-lucia-pediatric-osteopath-mallorca-03&#8243; _builder_version=&#8220;4.27.4&#8243; _module_preset=&#8220;default&#8220; module_alignment=&#8220;center&#8220; animation_style=&#8220;fade&#8220; global_colors_info=&#8220;{}&#8220;][\/et_pb_image][\/et_pb_column][et_pb_column type=&#8220;1_2&#8243; _builder_version=&#8220;4.16&#8243; custom_padding=&#8220;|||&#8220; global_colors_info=&#8220;{}&#8220; custom_padding__hover=&#8220;|||&#8220;][et_pb_text _builder_version=&#8220;4.27.4&#8243; _module_preset=&#8220;default&#8220; custom_padding=&#8220;||0px|||&#8220; global_colors_info=&#8220;{}&#8220;]<\/p>\n<h1><b>NEREA CUESTA LUC\u00cdA<\/b><\/h1>\n<h3><em>Osteopath &amp; P\u00e4diatrische osteopathie<\/em><\/h3>\n<h3>Deutsch &#8211; Englisch &#8211; Spanisch<\/h3>\n<p>[\/et_pb_text][et_pb_text _builder_version=&#8220;4.27.4&#8243; _module_preset=&#8220;default&#8220; global_colors_info=&#8220;{}&#8220;]<\/p>\n<p><b>Nerea Cuesta Luc\u00eda <\/b>ist Mutter von zwei Kindern und verf\u00fcgt \u00fcber mehr als 17 Jahre Erfahrung in der Begleitung von S\u00e4uglingen und Familien.<\/p>\n<p><span style=\"font-weight: 400;\">Ihre berufliche Laufbahn begann sie als Pflegehelferin auf der Entbindungsstation, wo sie \u00fcber viele Jahre hinweg Neugeborene und M\u00fctter in den ersten Tagen unterst\u00fctzte. Zu ihren Aufgaben geh\u00f6rten grundlegende Gesundheitskontrollen (wie Gr\u00f6\u00dfen- und Gewichtsmessung) sowie eine enge Begleitung beim Stillstart und bei der Anpassung an das neue Familienleben. <\/span><\/p>\n<p>[\/et_pb_text][\/et_pb_column][\/et_pb_row][et_pb_row column_structure=&#8220;1_2,1_2&#8243; _builder_version=&#8220;4.27.4&#8243; global_colors_info=&#8220;{}&#8220;][et_pb_column type=&#8220;1_2&#8243; _builder_version=&#8220;4.16&#8243; custom_padding=&#8220;|||&#8220; global_colors_info=&#8220;{}&#8220; custom_padding__hover=&#8220;|||&#8220;][et_pb_text _builder_version=&#8220;4.27.4&#8243; _module_preset=&#8220;default&#8220; global_colors_info=&#8220;{}&#8220;]<\/p>\n<p><span style=\"font-weight: 400;\">Aus ihrer Leidenschaft f\u00fcr die Familienbegleitung heraus studierte Nerea Osteopathie und spezialisierte sich sp\u00e4ter auf die <b>p\u00e4diatrische Osteopathie<\/b>. Ihr Ansatz ist <b>ganzheitlich und evidenzbasiert,<\/b> individuell auf jedes Kind abgestimmt und in Zusammenarbeit mit anderen Gesundheitsfachkr\u00e4ften. <\/span><\/p>\n<p><span style=\"font-weight: 400;\">Dar\u00fcber hinaus engagiert sie sich stark f\u00fcr Aufkl\u00e4rung und eine gute Kommunikation. Sie spricht stets in klarer, verst\u00e4ndlicher Sprache, damit sich Familien gut informiert und sicher f\u00fchlen. <\/span><\/p>\n<p><span style=\"font-weight: 400;\">Ihre Behandlungen sind sanft und respektvoll \u2013 Babys und Kinder erfahren keinerlei Schmerzen. Jede Sitzung erfolgt mit einf\u00fchlsamer Ber\u00fchrung und voller Aufmerksamkeit f\u00fcr die <\/span>Gesundheit und das Wohlbefinden des Kindes.<\/p>\n<p>[\/et_pb_text][\/et_pb_column][et_pb_column type=&#8220;1_2&#8243; _builder_version=&#8220;4.16&#8243; custom_padding=&#8220;|||&#8220; global_colors_info=&#8220;{}&#8220; custom_padding__hover=&#8220;|||&#8220;][et_pb_image src=&#8220;https:\/\/www.osteopalma.eu\/wp-content\/uploads\/2025\/10\/osteopalma-nera-cuesta-lucia-pediatric-osteopath-mallorca-08.jpg&#8220; title_text=&#8220;osteopalma-nera-cuesta-lucia-pediatric-osteopath-mallorca-08&#8243; _builder_version=&#8220;4.27.4&#8243; _module_preset=&#8220;default&#8220; module_alignment=&#8220;center&#8220; animation_style=&#8220;fade&#8220; global_colors_info=&#8220;{}&#8220;][\/et_pb_image][\/et_pb_column][\/et_pb_row][\/et_pb_section][et_pb_section fb_built=&#8220;1&#8243; admin_label=&#8220;Features&#8220; _builder_version=&#8220;4.16&#8243; custom_padding=&#8220;0px|0px|0px|0px&#8220; locked=&#8220;off&#8220; global_colors_info=&#8220;{}&#8220;][et_pb_row column_structure=&#8220;1_2,1_2&#8243; use_custom_gutter=&#8220;on&#8220; gutter_width=&#8220;1&#8243; make_equal=&#8220;on&#8220; admin_label=&#8220;CTA Row&#8220; module_class=&#8220; et_pb_row_fullwidth&#8220; _builder_version=&#8220;4.27.4&#8243; width=&#8220;100%&#8220; width_tablet=&#8220;100%&#8220; width_phone=&#8220;&#8220; width_last_edited=&#8220;on|desktop&#8220; max_width=&#8220;100%&#8220; max_width_tablet=&#8220;100%&#8220; max_width_phone=&#8220;&#8220; max_width_last_edited=&#8220;on|desktop&#8220; custom_padding=&#8220;0px|0px|0px|0px&#8220; make_fullwidth=&#8220;on&#8220; global_colors_info=&#8220;{}&#8220;][et_pb_column type=&#8220;1_2&#8243; _builder_version=&#8220;4.27.4&#8243; background_image=&#8220;https:\/\/www.osteopalma.eu\/wp-content\/uploads\/2025\/10\/osteopalma-nera-cuesta-lucia-pediatric-osteopath-mallorca.jpg&#8220; custom_padding=&#8220;|||&#8220; global_colors_info=&#8220;{}&#8220; custom_padding__hover=&#8220;|||&#8220;][et_pb_divider show_divider=&#8220;off&#8220; _builder_version=&#8220;4.27.4&#8243; height=&#8220;400px&#8220; locked=&#8220;off&#8220; global_colors_info=&#8220;{}&#8220;][\/et_pb_divider][\/et_pb_column][et_pb_column type=&#8220;1_2&#8243; _builder_version=&#8220;4.27.0&#8243; background_color=&#8220;#83C340&#8243; custom_padding=&#8220;|||&#8220; global_colors_info=&#8220;{}&#8220; custom_padding__hover=&#8220;|||&#8220;][et_pb_cta title=&#8220;Buchen Sie Ihre Behandlung&#8220; button_url=&#8220;@ET-DC@eyJkeW5hbWljIjp0cnVlLCJjb250ZW50IjoicG9zdF9saW5rX3VybF9wYWdlIiwic2V0dGluZ3MiOnsicG9zdF9pZCI6IjIzNyIsImVuYWJsZV9odG1sIjoib2ZmIn19@&#8220; url_new_window=&#8220;on&#8220; button_text=&#8220;ONLINE BUCHEN&#8220; _builder_version=&#8220;4.16&#8243; _dynamic_attributes=&#8220;button_url&#8220; header_font=&#8220;||||||||&#8220; header_text_color=&#8220;#ffffff&#8220; header_font_size=&#8220;38px&#8220; header_line_height=&#8220;1.4em&#8220; body_font=&#8220;|500|||||||&#8220; body_text_color=&#8220;#FFFFFF&#8220; body_line_height=&#8220;1.9em&#8220; use_background_color=&#8220;off&#8220; custom_button=&#8220;on&#8220; button_text_color=&#8220;#FFFFFF&#8220; button_border_color=&#8220;#FFFFFF&#8220; button_alignment=&#8220;left&#8220; text_orientation=&#8220;left&#8220; max_width=&#8220;580px&#8220; max_width_tablet=&#8220;&#8220; max_width_phone=&#8220;&#8220; max_width_last_edited=&#8220;on|desktop&#8220; module_alignment=&#8220;left&#8220; custom_margin=&#8220;|||&#8220; custom_padding=&#8220;76px|60px|76px|60px|true|&#8220; header_font_size_tablet=&#8220;32px&#8220; header_font_size_phone=&#8220;28px&#8220; header_font_size_last_edited=&#8220;on|phone&#8220; button_text_color_hover=&#8220;#2f3854&#8243; button_border_radius_hover=&#8220;66px&#8220; button_letter_spacing_hover=&#8220;1px&#8220; button_bg_color_hover=&#8220;#ffffff&#8220; global_colors_info=&#8220;{}&#8220; button_text_size__hover_enabled=&#8220;off&#8220; button_one_text_size__hover_enabled=&#8220;off&#8220; button_two_text_size__hover_enabled=&#8220;off&#8220; button_text_color__hover_enabled=&#8220;on|hover&#8220; button_text_color__hover=&#8220;#83C340&#8243; button_one_text_color__hover_enabled=&#8220;off&#8220; button_two_text_color__hover_enabled=&#8220;off&#8220; button_border_width__hover_enabled=&#8220;off&#8220; button_one_border_width__hover_enabled=&#8220;off&#8220; button_two_border_width__hover_enabled=&#8220;off&#8220; button_border_color__hover_enabled=&#8220;off&#8220; button_one_border_color__hover_enabled=&#8220;off&#8220; button_two_border_color__hover_enabled=&#8220;off&#8220; button_border_radius__hover_enabled=&#8220;on|hover&#8220; button_one_border_radius__hover_enabled=&#8220;off&#8220; button_two_border_radius__hover_enabled=&#8220;off&#8220; button_letter_spacing__hover_enabled=&#8220;on&#8220; button_letter_spacing__hover=&#8220;0px&#8220; button_one_letter_spacing__hover_enabled=&#8220;off&#8220; button_two_letter_spacing__hover_enabled=&#8220;off&#8220; button_bg_color__hover_enabled=&#8220;on|hover&#8220; button_bg_color__hover=&#8220;#234A5E&#8220; button_one_bg_color__hover_enabled=&#8220;off&#8220; button_two_bg_color__hover_enabled=&#8220;off&#8220; max_width__hover=&#8220;580px&#8220; max_width__hover_enabled=&#8220;on|hover&#8220; border_radii__hover=&#8220;on||||&#8220; border_radii__hover_enabled=&#8220;on|hover&#8220;]Es ist ganz einfach, Ihre Behandlung bei Nera \u00fcber unser Online-Buchungssystem zu buchen. [\/et_pb_cta][\/et_pb_column][\/et_pb_row][\/et_pb_section]<\/p>\n","protected":false},"excerpt":{"rendered":"<p>OSTEOPATH Nerea Cuesta Luc\u00edaNEREA CUESTA LUC\u00cdA Osteopath &amp; P\u00e4diatrische osteopathie Deutsch &#8211; Englisch &#8211; SpanischNerea Cuesta Luc\u00eda ist Mutter von zwei Kindern und verf\u00fcgt \u00fcber mehr als 17 Jahre Erfahrung in der Begleitung von S\u00e4uglingen und Familien. Ihre berufliche Laufbahn begann sie als Pflegehelferin auf der Entbindungsstation, wo sie \u00fcber viele Jahre hinweg Neugeborene und [&hellip;]<\/p>\n","protected":false},"author":1,"featured_media":0,"parent":0,"menu_order":0,"comment_status":"closed","ping_status":"closed","template":"","meta":{"_et_pb_use_builder":"on","_et_pb_old_content":"","_et_gb_content_width":"","footnotes":""},"class_list":["post-1909","page","type-page","status-publish","hentry"],"_links":{"self":[{"href":"https:\/\/www.osteopalma.eu\/de\/wp-json\/wp\/v2\/pages\/1909","targetHints":{"allow":["GET"]}}],"collection":[{"href":"https:\/\/www.osteopalma.eu\/de\/wp-json\/wp\/v2\/pages"}],"about":[{"href":"https:\/\/www.osteopalma.eu\/de\/wp-json\/wp\/v2\/types\/page"}],"author":[{"embeddable":true,"href":"https:\/\/www.osteopalma.eu\/de\/wp-json\/wp\/v2\/users\/1"}],"replies":[{"embeddable":true,"href":"https:\/\/www.osteopalma.eu\/de\/wp-json\/wp\/v2\/comments?post=1909"}],"version-history":[{"count":38,"href":"https:\/\/www.osteopalma.eu\/de\/wp-json\/wp\/v2\/pages\/1909\/revisions"}],"predecessor-version":[{"id":2056,"href":"https:\/\/www.osteopalma.eu\/de\/wp-json\/wp\/v2\/pages\/1909\/revisions\/2056"}],"wp:attachment":[{"href":"https:\/\/www.osteopalma.eu\/de\/wp-json\/wp\/v2\/media?parent=1909"}],"curies":[{"name":"wp","href":"https:\/\/api.w.org\/{rel}","templated":true}]}}