{"id":829,"date":"2022-01-11T19:14:44","date_gmt":"2022-01-11T19:14:44","guid":{"rendered":"https:\/\/www.osteopalma.eu\/physiotherapie-in-palma-de-mallorca\/"},"modified":"2022-01-11T19:14:45","modified_gmt":"2022-01-11T19:14:45","slug":"physiotherapie-in-palma-de-mallorca","status":"publish","type":"page","link":"https:\/\/www.osteopalma.eu\/de\/physiotherapie-in-palma-de-mallorca\/","title":{"rendered":"Physiotherapie in Palma de Mallorca."},"content":{"rendered":"<p>[et_pb_section fb_built=&#8220;1&#8243; admin_label=&#8220;Hero&#8220; _builder_version=&#8220;4.9.10&#8243; use_background_color_gradient=&#8220;on&#8220; background_color_gradient_start=&#8220;rgba(255,255,255,0.43)&#8220; background_color_gradient_end=&#8220;rgba(255,255,255,0.43)&#8220; background_color_gradient_overlays_image=&#8220;on&#8220; background_image=&#8220;https:\/\/www.osteopalma.eu\/wp-content\/uploads\/2021\/07\/OsteoPalma_Osteopathy_Physiotherapy_Palma_Mallorca_1920px_web_-.jpg&#8220; custom_padding=&#8220;9vw||11vw||false|false&#8220; hover_enabled=&#8220;0&#8243; global_colors_info=&#8220;{}&#8220; sticky_enabled=&#8220;0&#8243;][et_pb_row _builder_version=&#8220;3.25&#8243; background_size=&#8220;initial&#8220; background_position=&#8220;top_left&#8220; background_repeat=&#8220;repeat&#8220; global_colors_info=&#8220;{}&#8220;][et_pb_column type=&#8220;4_4&#8243; _builder_version=&#8220;3.25&#8243; custom_padding=&#8220;|||&#8220; global_colors_info=&#8220;{}&#8220; custom_padding__hover=&#8220;|||&#8220;][et_pb_text _builder_version=&#8220;4.9.10&#8243; _module_preset=&#8220;default&#8220; header_text_align=&#8220;center&#8220; header_text_color=&#8220;#234a5e&#8220; header_font_size=&#8220;38px&#8220; header_line_height=&#8220;1.5em&#8220; custom_margin=&#8220;||||false|false&#8220; header_font_size_tablet=&#8220;32px&#8220; header_font_size_phone=&#8220;28px&#8220; header_font_size_last_edited=&#8220;on|phone&#8220; global_colors_info=&#8220;{}&#8220;]<\/p>\n<h1 style=\"text-align: center;\">PHYSIOTHERAPIE<\/h1>\n<p>[\/et_pb_text][et_pb_button button_url=&#8220;@ET-DC@eyJkeW5hbWljIjp0cnVlLCJjb250ZW50IjoicG9zdF9saW5rX3VybF9wYWdlIiwic2V0dGluZ3MiOnsicG9zdF9pZCI6IjIzNyJ9fQ==@&#8220; button_text=&#8220;Online buchen&#8220; button_alignment=&#8220;center&#8220; _builder_version=&#8220;4.9.10&#8243; _dynamic_attributes=&#8220;button_url&#8220; _module_preset=&#8220;default&#8220; global_colors_info=&#8220;{}&#8220;][\/et_pb_button][\/et_pb_column][\/et_pb_row][\/et_pb_section][et_pb_section fb_built=&#8220;1&#8243; admin_label=&#8220;Features&#8220; _builder_version=&#8220;3.22&#8243; custom_padding=&#8220;100px|0px|23px|0px||&#8220; global_colors_info=&#8220;{}&#8220;][et_pb_row column_structure=&#8220;1_2,1_2&#8243; _builder_version=&#8220;3.25&#8243; global_colors_info=&#8220;{}&#8220;][et_pb_column type=&#8220;1_2&#8243; _builder_version=&#8220;3.25&#8243; custom_padding=&#8220;|||&#8220; global_colors_info=&#8220;{}&#8220; custom_padding__hover=&#8220;|||&#8220;][et_pb_image src=&#8220;https:\/\/www.osteopalma.eu\/wp-content\/uploads\/2021\/07\/OsteoPalma_Osteopathy_Physiotherapy_Palma_Mallorca_web_-07982.jpg&#8220; title_text=&#8220;OsteoPalma_Osteopathy_Physiotherapy_Palma_Mallorca_web_-07982&#8243; _builder_version=&#8220;4.9.10&#8243; _module_preset=&#8220;default&#8220; animation_style=&#8220;fade&#8220; global_colors_info=&#8220;{}&#8220;][\/et_pb_image][\/et_pb_column][et_pb_column type=&#8220;1_2&#8243; _builder_version=&#8220;3.25&#8243; custom_padding=&#8220;|||&#8220; global_colors_info=&#8220;{}&#8220; custom_padding__hover=&#8220;|||&#8220;][et_pb_text _builder_version=&#8220;4.14.2&#8243; _module_preset=&#8220;default&#8220; header_3_line_height=&#8220;1.2em&#8220; hover_enabled=&#8220;0&#8243; global_colors_info=&#8220;{}&#8220; header_2_font_size=&#8220;22px&#8220; header_2_line_height=&#8220;1.2em&#8220; sticky_enabled=&#8220;0&#8243;]<\/p>\n<h2><strong>PHYSIOTHERAPIE IN PALMA DE MALLORCA<\/strong><\/h2>\n<p>[\/et_pb_text][et_pb_text _builder_version=&#8220;4.10.8&#8243; _module_preset=&#8220;default&#8220; global_colors_info=&#8220;{}&#8220;]<\/p>\n<div id=\"panel-2219-0-0-1\" class=\"so-panel widget_sow-editor\" data-index=\"1\">\n<div class=\"so-widget-sow-editor so-widget-sow-editor-base\">\n<p><strong>Entwickeln, erhalten und wiederherstellen Sie Ihre Bewegungs- und Funktionsf\u00e4higkeit<\/strong><\/p>\n<p style=\"text-align: justify;\">Physiotherapie ist eine spezialisierte, praktische klinische T\u00e4tigkeit zur Beurteilung und Behandlung von Symptomen bei Krankheiten, Verletzungen und Behinderungen. Sie umfasst auch die Rehabilitation sowie die Pr\u00e4vention von Verletzungen und die F\u00f6rderung von Gesundheit und Fitness.<\/p>\n<p style=\"text-align: justify;\"><span style=\"font-size: 16px;\">Wir k\u00f6nnen Ihnen helfen, st\u00e4rker und flexibler zu werden, Ihre Bewegungsfreiheit und Mobilit\u00e4t zu erh\u00f6hen, leichter zu atmen, Schmerzen zu lindern, aktiv zu bleiben, Verletzungen vorzubeugen&#8230; Wir helfen Ihnen in jeder Lebensphase, wenn Bewegung und Funktion durch Alterung, Verletzungen, Krankheiten, St\u00f6rungen, Bedingungen oder Umweltfaktoren gef\u00e4hrdet sind. Maximierung der Lebensqualit\u00e4t unter Ber\u00fccksichtigung des k\u00f6rperlichen, psychologischen, emotionalen und sozialen Wohlbefindens.<\/span><\/p>\n<\/div>\n<\/div>\n<p>[\/et_pb_text][\/et_pb_column][\/et_pb_row][et_pb_row _builder_version=&#8220;4.9.11&#8243; _module_preset=&#8220;default&#8220; custom_padding=&#8220;||0px|||&#8220; global_colors_info=&#8220;{}&#8220;][et_pb_column type=&#8220;4_4&#8243; _builder_version=&#8220;4.9.11&#8243; _module_preset=&#8220;default&#8220; global_colors_info=&#8220;{}&#8220;][et_pb_text _builder_version=&#8220;4.9.11&#8243; _module_preset=&#8220;default&#8220; global_colors_info=&#8220;{}&#8220;]<\/p>\n<p><strong>Die verschiedenen Arten von Physiotherapiebehandlungen, die wir anbieten, sind:<\/strong><\/p>\n<p>[\/et_pb_text][\/et_pb_column][\/et_pb_row][et_pb_row column_structure=&#8220;1_2,1_2&#8243; _builder_version=&#8220;4.9.11&#8243; _module_preset=&#8220;default&#8220; custom_padding=&#8220;23px|||||&#8220; global_colors_info=&#8220;{}&#8220;][et_pb_column type=&#8220;1_2&#8243; _builder_version=&#8220;4.9.11&#8243; _module_preset=&#8220;default&#8220; global_colors_info=&#8220;{}&#8220;][et_pb_text _builder_version=&#8220;4.9.11&#8243; _module_preset=&#8220;default&#8220; global_colors_info=&#8220;{}&#8220;]<\/p>\n<h3>1. Aktive Behandlung<\/h3>\n<p style=\"text-align: justify;\">Hier konzentrieren wir uns auf Ihre Bewegungsabl\u00e4ufe, geben Ihnen \u00dcbungen f\u00fcr zu Hause mit und stellen sicher, dass wir Gewohnheiten ablegen, die zu den zugrunde liegenden Problemen beitragen k\u00f6nnen. Unser Ziel ist es, die Qualit\u00e4t Ihrer Bewegungen zu verbessern, Fehlhaltungen in Zukunft zu vermeiden und Ihnen alle Mittel an die Hand zu geben, um Schmerzen und\/oder Beschwerden zu vermeiden, ihnen vorzubeugen und sie zu lindern.<\/p>\n<p>[\/et_pb_text][\/et_pb_column][et_pb_column type=&#8220;1_2&#8243; _builder_version=&#8220;4.9.11&#8243; _module_preset=&#8220;default&#8220; global_colors_info=&#8220;{}&#8220;][et_pb_text _builder_version=&#8220;4.9.11&#8243; _module_preset=&#8220;default&#8220; global_colors_info=&#8220;{}&#8220;]<\/p>\n<h3>2. Therapeutische Massage<\/h3>\n<p style=\"text-align: justify;\">Eine gezielte Massage, die sich auf Ihre Symptome konzentriert. Dabei geht es nicht um eine Routine, sondern um die Arbeit an dem, was bei der Massage gefunden wird. Von Muskelknoten bis zu Faszienverklebungen wird Ihr Gewebe untersucht und entsprechend bearbeitet.<\/p>\n<p>[\/et_pb_text][\/et_pb_column][\/et_pb_row][et_pb_row column_structure=&#8220;1_2,1_2&#8243; _builder_version=&#8220;3.25&#8243; global_colors_info=&#8220;{}&#8220;][et_pb_column type=&#8220;1_2&#8243; _builder_version=&#8220;3.25&#8243; custom_padding=&#8220;|||&#8220; global_colors_info=&#8220;{}&#8220; custom_padding__hover=&#8220;|||&#8220;][et_pb_image src=&#8220;https:\/\/www.osteopalma.eu\/wp-content\/uploads\/2021\/07\/OsteoPalma_Osteopathy_Physiotherapy_Palma_Mallorca_web_-08179.jpg&#8220; title_text=&#8220;OsteoPalma_Osteopathy_Physiotherapy_Palma_Mallorca_web_-08179&#8243; _builder_version=&#8220;4.9.10&#8243; _module_preset=&#8220;default&#8220; animation_style=&#8220;fade&#8220; global_colors_info=&#8220;{}&#8220;][\/et_pb_image][\/et_pb_column][et_pb_column type=&#8220;1_2&#8243; _builder_version=&#8220;3.25&#8243; custom_padding=&#8220;|||&#8220; global_colors_info=&#8220;{}&#8220; custom_padding__hover=&#8220;|||&#8220;][et_pb_text _builder_version=&#8220;4.9.11&#8243; _module_preset=&#8220;default&#8220; global_colors_info=&#8220;{}&#8220;]<\/p>\n<h3>3. Sportmassage<\/h3>\n<p>Die Sportmassage ist eine Therapieform, die auf das Tiefengewebe einwirkt, um Spannungen und Einschr\u00e4nkungen zu l\u00f6sen und die Beweglichkeit zu verbessern.<\/p>\n<p>Zu den Erkrankungen, die im Allgemeinen gut auf eine Sportmassage als erg\u00e4nzende Therapie ansprechen, geh\u00f6ren:<\/p>\n<p>&#8211; Muskelschmerzen und Muskelkater<br \/>&#8211; Muskelbelastung<br \/>&#8211; Verspannungen der Muskulatur<br \/>&#8211; Verstauchungen von Sehnen und B\u00e4ndern<br \/>&#8211; Verletzungen durch wiederholte Belastung<br \/>&#8211; Sehnenscheidenentz\u00fcndung<\/p>\n<p>[\/et_pb_text][\/et_pb_column][\/et_pb_row][et_pb_row column_structure=&#8220;1_2,1_2&#8243; _builder_version=&#8220;3.25&#8243; custom_padding=&#8220;||0px|||&#8220; global_colors_info=&#8220;{}&#8220;][et_pb_column type=&#8220;1_2&#8243; _builder_version=&#8220;3.25&#8243; custom_padding=&#8220;|||&#8220; global_colors_info=&#8220;{}&#8220; custom_padding__hover=&#8220;|||&#8220;][et_pb_text _builder_version=&#8220;4.10.8&#8243; _module_preset=&#8220;default&#8220; global_colors_info=&#8220;{}&#8220;]<\/p>\n<div id=\"panel-2219-0-0-3\" class=\"so-panel widget_sow-editor\" data-index=\"3\">\n<div class=\"so-widget-sow-editor so-widget-sow-editor-base\">\n<h3>4. Beckenboden<\/h3>\n<p>Eine der Spezialit\u00e4ten der Physiotherapie ist die Wiederherstellung des Becken- und Bauchraums. Dieses Fachgebiet befasst sich haupts\u00e4chlich mit der Behandlung von Funktionsst\u00f6rungen des Fortpflanzungs- und Harnsystems sowie eines Teils des Verdauungssystems.<\/p>\n<p>Sie hilft auch bei der Schwangerschaft, bei der Genesung nach der Geburt, bei der Behandlung von Dammschnitten und Dammrissen sowie bei Schmerzen beim Geschlechtsverkehr.<\/p>\n<p>Auch Hochleistungssportler wie L\u00e4ufer, Tennisspieler, Leichtathleten, CrossFit usw. werden behandelt.<\/p>\n<p style=\"text-align: justify;\">Um die besten Ergebnisse in der Beratung zu erzielen, f\u00fchren wir bei unserem ersten Termin eine Untersuchung durch, um eine physiotherapeutische Diagnose zu stellen. Auf dieser Grundlage erstellen wir einen individuellen Behandlungsplan, um eine maximale Funktionalit\u00e4t und Verbesserung der Symptome zu erreichen.<\/p>\n<p style=\"text-align: justify;\">Danach folgen Folgesitzungen, in denen wir eine Reihe von Techniken und \u00dcbungen zur Verbesserung Ihres Beckenbodens anwenden, wie z. B:<\/p>\n<p>\u2022 Spezifische \u00dcbungen zur St\u00e4rkung und\/oder Entspannung der Beckenboden- und Bauchmuskulatur sowie zur Vorbeugung und Erholung in der Zeit nach der Geburt.<br \/>\u2022 Manuelle Therapie<br \/>\u2022 Perineale Massagen<br \/>\u2022 Dehnung und Hemmung der Muskulatur.<\/p>\n<p>&nbsp;<\/p>\n<\/div>\n<\/div>\n<p>[\/et_pb_text][\/et_pb_column][et_pb_column type=&#8220;1_2&#8243; _builder_version=&#8220;4.9.11&#8243; _module_preset=&#8220;default&#8220; global_colors_info=&#8220;{}&#8220;][et_pb_image src=&#8220;https:\/\/www.osteopalma.eu\/wp-content\/uploads\/2021\/07\/OsteoPalma_Osteopathy_Physiotherapy_Palma_Mallorca_web_-08031.jpg&#8220; title_text=&#8220;OsteoPalma_Osteopathy_Physiotherapy_Palma_Mallorca_web_-08031&#8243; _builder_version=&#8220;4.9.10&#8243; _module_preset=&#8220;default&#8220; global_colors_info=&#8220;{}&#8220;][\/et_pb_image][\/et_pb_column][\/et_pb_row][\/et_pb_section][et_pb_section fb_built=&#8220;1&#8243; _builder_version=&#8220;4.9.10&#8243; _module_preset=&#8220;default&#8220; custom_padding=&#8220;34px|||||&#8220; global_colors_info=&#8220;{}&#8220;][et_pb_row _builder_version=&#8220;4.9.10&#8243; _module_preset=&#8220;default&#8220; global_colors_info=&#8220;{}&#8220;][et_pb_column type=&#8220;4_4&#8243; _builder_version=&#8220;4.9.10&#8243; _module_preset=&#8220;default&#8220; global_colors_info=&#8220;{}&#8220;][et_pb_text _builder_version=&#8220;4.9.10&#8243; _module_preset=&#8220;default&#8220; header_2_text_align=&#8220;center&#8220; global_colors_info=&#8220;{}&#8220;]<\/p>\n<h3 style=\"text-align: center;\"><strong>DAS IST UNSERE PHYSIOTHERAPEUTIN<\/strong><\/h3>\n<p>[\/et_pb_text][\/et_pb_column][\/et_pb_row][et_pb_row column_structure=&#8220;1_3,1_3,1_3&#8243; _builder_version=&#8220;3.25&#8243; locked=&#8220;off&#8220; global_colors_info=&#8220;{}&#8220;][et_pb_column type=&#8220;1_3&#8243; _builder_version=&#8220;3.25&#8243; custom_padding=&#8220;|||&#8220; global_colors_info=&#8220;{}&#8220; custom_padding__hover=&#8220;|||&#8220;][\/et_pb_column][et_pb_column type=&#8220;1_3&#8243; _builder_version=&#8220;3.25&#8243; custom_padding=&#8220;|||&#8220; global_colors_info=&#8220;{}&#8220; custom_padding__hover=&#8220;|||&#8220;][et_pb_blurb title=&#8220;Laura S\u00e1nchez&#8220; image=&#8220;https:\/\/www.osteopalma.eu\/wp-content\/uploads\/2021\/07\/OsteoPalma_Osteopathy_Physiotherapy_Palma_Mallorca_web_-08201.jpg&#8220; _builder_version=&#8220;4.13.0&#8243; _module_preset=&#8220;default&#8220; header_level=&#8220;h1&#8243; header_font=&#8220;|||on|||||&#8220; text_orientation=&#8220;center&#8220; animation_style=&#8220;fade&#8220; locked=&#8220;off&#8220; global_colors_info=&#8220;{}&#8220;]<\/p>\n<h4>Physiotherapeutin<\/h4>\n<p>[\/et_pb_blurb][et_pb_button button_url=&#8220;@ET-DC@eyJkeW5hbWljIjp0cnVlLCJjb250ZW50IjoicG9zdF9saW5rX3VybF9wYWdlIiwic2V0dGluZ3MiOnsicG9zdF9pZCI6IjkxIn19@&#8220; button_text=&#8220;Lesen Sie mehr&#8220; button_alignment=&#8220;center&#8220; _builder_version=&#8220;4.9.10&#8243; _dynamic_attributes=&#8220;button_url&#8220; _module_preset=&#8220;default&#8220; locked=&#8220;off&#8220; global_colors_info=&#8220;{}&#8220;][\/et_pb_button][\/et_pb_column][et_pb_column type=&#8220;1_3&#8243; _builder_version=&#8220;3.25&#8243; custom_padding=&#8220;|||&#8220; global_colors_info=&#8220;{}&#8220; custom_padding__hover=&#8220;|||&#8220;][\/et_pb_column][\/et_pb_row][\/et_pb_section][et_pb_section fb_built=&#8220;1&#8243; admin_label=&#8220;Features&#8220; _builder_version=&#8220;3.22&#8243; custom_padding=&#8220;0px|0px|0px|0px&#8220; global_colors_info=&#8220;{}&#8220;][et_pb_row column_structure=&#8220;1_2,1_2&#8243; use_custom_gutter=&#8220;on&#8220; gutter_width=&#8220;1&#8243; make_equal=&#8220;on&#8220; admin_label=&#8220;CTA Row&#8220; module_class=&#8220; et_pb_row_fullwidth&#8220; _builder_version=&#8220;4.9.10&#8243; width=&#8220;100%&#8220; width_tablet=&#8220;100%&#8220; width_phone=&#8220;&#8220; width_last_edited=&#8220;on|desktop&#8220; max_width=&#8220;100%&#8220; max_width_tablet=&#8220;100%&#8220; max_width_phone=&#8220;&#8220; max_width_last_edited=&#8220;on|desktop&#8220; custom_padding=&#8220;0px|0px|0px|0px&#8220; make_fullwidth=&#8220;on&#8220; global_colors_info=&#8220;{}&#8220;][et_pb_column type=&#8220;1_2&#8243; _builder_version=&#8220;4.9.10&#8243; background_image=&#8220;https:\/\/www.osteopalma.eu\/wp-content\/uploads\/2021\/07\/OsteoPalma_Osteopathy_Physiotherapy_Palma_Mallorca_web_-08013.jpg&#8220; custom_padding=&#8220;|||&#8220; global_colors_info=&#8220;{}&#8220; custom_padding__hover=&#8220;|||&#8220;][et_pb_divider show_divider=&#8220;off&#8220; _builder_version=&#8220;3.2&#8243; height=&#8220;400px&#8220; locked=&#8220;off&#8220; global_colors_info=&#8220;{}&#8220;][\/et_pb_divider][\/et_pb_column][et_pb_column type=&#8220;1_2&#8243; _builder_version=&#8220;4.9.10&#8243; background_color=&#8220;#234A5E&#8220; custom_padding=&#8220;|||&#8220; global_colors_info=&#8220;{}&#8220; custom_padding__hover=&#8220;|||&#8220;][et_pb_cta title=&#8220;Buchen Sie Ihre Behandlung&#8220; button_url=&#8220;@ET-DC@eyJkeW5hbWljIjp0cnVlLCJjb250ZW50IjoicG9zdF9saW5rX3VybF9wYWdlIiwic2V0dGluZ3MiOnsicG9zdF9pZCI6IjIzNyJ9fQ==@&#8220; url_new_window=&#8220;on&#8220; button_text=&#8220;Online buchen&#8220; _builder_version=&#8220;4.11.2&#8243; _dynamic_attributes=&#8220;button_url&#8220; header_font=&#8220;||||||||&#8220; header_text_color=&#8220;#ffffff&#8220; header_font_size=&#8220;38px&#8220; header_line_height=&#8220;1.4em&#8220; body_font=&#8220;|500|||||||&#8220; body_text_color=&#8220;#FFFFFF&#8220; body_line_height=&#8220;1.9em&#8220; use_background_color=&#8220;off&#8220; button_alignment=&#8220;left&#8220; text_orientation=&#8220;left&#8220; max_width=&#8220;580px&#8220; max_width_tablet=&#8220;&#8220; max_width_phone=&#8220;&#8220; max_width_last_edited=&#8220;on|desktop&#8220; module_alignment=&#8220;left&#8220; custom_margin=&#8220;|||&#8220; custom_padding=&#8220;100px|60px|100px|60px&#8220; header_font_size_tablet=&#8220;32px&#8220; header_font_size_phone=&#8220;28px&#8220; header_font_size_last_edited=&#8220;on|phone&#8220; button_text_color_hover=&#8220;#2f3854&#8243; button_border_radius_hover=&#8220;66px&#8220; button_letter_spacing_hover=&#8220;1px&#8220; button_bg_color_hover=&#8220;#ffffff&#8220; locked=&#8220;off&#8220; global_colors_info=&#8220;{}&#8220; button_text_size__hover_enabled=&#8220;off&#8220; button_one_text_size__hover_enabled=&#8220;off&#8220; button_two_text_size__hover_enabled=&#8220;off&#8220; button_text_color__hover_enabled=&#8220;on&#8220; button_text_color__hover=&#8220;#2f3854&#8243; button_one_text_color__hover_enabled=&#8220;off&#8220; button_two_text_color__hover_enabled=&#8220;off&#8220; button_border_width__hover_enabled=&#8220;off&#8220; button_one_border_width__hover_enabled=&#8220;off&#8220; button_two_border_width__hover_enabled=&#8220;off&#8220; button_border_color__hover_enabled=&#8220;off&#8220; button_one_border_color__hover_enabled=&#8220;off&#8220; button_two_border_color__hover_enabled=&#8220;off&#8220; button_border_radius__hover_enabled=&#8220;on&#8220; button_one_border_radius__hover_enabled=&#8220;off&#8220; button_two_border_radius__hover_enabled=&#8220;off&#8220; button_letter_spacing__hover_enabled=&#8220;on&#8220; button_letter_spacing__hover=&#8220;1px&#8220; button_one_letter_spacing__hover_enabled=&#8220;off&#8220; button_two_letter_spacing__hover_enabled=&#8220;off&#8220; button_bg_color__hover_enabled=&#8220;on&#8220; button_bg_color__hover=&#8220;#ffffff&#8220; button_one_bg_color__hover_enabled=&#8220;off&#8220; button_two_bg_color__hover_enabled=&#8220;off&#8220; max_width__hover_enabled=&#8220;on|hover&#8220; border_radii__hover=&#8220;on||||&#8220; border_radii__hover_enabled=&#8220;on|hover&#8220; button_border_radius__hover=&#8220;66px&#8220; max_width__hover=&#8220;580px&#8220;]<\/p>\n<p>Wenn Sie auf der Suche nach einem Osteopathen oder Physiotherapeuten in Palma de Mallorca sind, sind Sie hier genau richtig.<\/p>\n<p>Einen Termin k\u00f6nnen Sie ganz einfach buchen:<\/p>\n<ul>\n<li><a href=\"https:\/\/www.osteopalma.eu\/bookonline\">Online<\/a><span> <\/span>(keine Anmeldung erforderlich)<\/li>\n<li>Telefon\/Whatsapp <a href=\"tel:+34670384130\" target=\"_blank\" rel=\"noopener\">+34 670 384 130<\/a><\/li>\n<li><a href=\"mailto:%20go@osteopalma.eu\">E-Mail<\/a><\/li>\n<\/ul>\n<p>[\/et_pb_cta][\/et_pb_column][\/et_pb_row][\/et_pb_section]<\/p>\n","protected":false},"excerpt":{"rendered":"<p>PHYSIOTHERAPIEPHYSIOTHERAPIE IN PALMA DE MALLORCA Entwickeln, erhalten und wiederherstellen Sie Ihre Bewegungs- und Funktionsf\u00e4higkeit Physiotherapie ist eine spezialisierte, praktische klinische T\u00e4tigkeit zur Beurteilung und Behandlung von Symptomen bei Krankheiten, Verletzungen und Behinderungen. Sie umfasst auch die Rehabilitation sowie die Pr\u00e4vention von Verletzungen und die F\u00f6rderung von Gesundheit und Fitness. Wir k\u00f6nnen Ihnen helfen, st\u00e4rker und [&hellip;]<\/p>\n","protected":false},"author":1,"featured_media":0,"parent":0,"menu_order":0,"comment_status":"closed","ping_status":"closed","template":"","meta":{"_et_pb_use_builder":"on","_et_pb_old_content":"","_et_gb_content_width":"","footnotes":""},"class_list":["post-829","page","type-page","status-publish","hentry"],"_links":{"self":[{"href":"https:\/\/www.osteopalma.eu\/de\/wp-json\/wp\/v2\/pages\/829","targetHints":{"allow":["GET"]}}],"collection":[{"href":"https:\/\/www.osteopalma.eu\/de\/wp-json\/wp\/v2\/pages"}],"about":[{"href":"https:\/\/www.osteopalma.eu\/de\/wp-json\/wp\/v2\/types\/page"}],"author":[{"embeddable":true,"href":"https:\/\/www.osteopalma.eu\/de\/wp-json\/wp\/v2\/users\/1"}],"replies":[{"embeddable":true,"href":"https:\/\/www.osteopalma.eu\/de\/wp-json\/wp\/v2\/comments?post=829"}],"version-history":[{"count":2,"href":"https:\/\/www.osteopalma.eu\/de\/wp-json\/wp\/v2\/pages\/829\/revisions"}],"predecessor-version":[{"id":831,"href":"https:\/\/www.osteopalma.eu\/de\/wp-json\/wp\/v2\/pages\/829\/revisions\/831"}],"wp:attachment":[{"href":"https:\/\/www.osteopalma.eu\/de\/wp-json\/wp\/v2\/media?parent=829"}],"curies":[{"name":"wp","href":"https:\/\/api.w.org\/{rel}","templated":true}]}}