{"id":844,"date":"2022-01-11T19:23:16","date_gmt":"2022-01-11T19:23:16","guid":{"rendered":"https:\/\/www.osteopalma.eu\/osteopath-andres-rojas\/"},"modified":"2025-08-09T15:15:04","modified_gmt":"2025-08-09T15:15:04","slug":"osteopath-andres-rojas","status":"publish","type":"page","link":"https:\/\/www.osteopalma.eu\/de\/osteopath-andres-rojas\/","title":{"rendered":"Osteopath Andr\u00e9s Rojas"},"content":{"rendered":"<p>[et_pb_section fb_built=&#8220;1&#8243; admin_label=&#8220;Hero&#8220; _builder_version=&#8220;4.16&#8243; use_background_color_gradient=&#8220;on&#8220; background_color_gradient_stops=&#8220;rgba(255,255,255,0.43) 0%|rgba(255,255,255,0.43) 100%&#8220; background_color_gradient_overlays_image=&#8220;on&#8220; background_color_gradient_start=&#8220;rgba(255,255,255,0.43)&#8220; background_color_gradient_end=&#8220;rgba(255,255,255,0.43)&#8220; background_image=&#8220;https:\/\/www.osteopalma.eu\/wp-content\/uploads\/2021\/07\/OsteoPalma_Osteopathy_Physiotherapy_Palma_Mallorca_web_1920px-08347.jpg&#8220; custom_padding=&#8220;9vw||11vw||false|false&#8220; global_colors_info=&#8220;{}&#8220;][et_pb_row _builder_version=&#8220;4.16&#8243; background_size=&#8220;initial&#8220; background_position=&#8220;top_left&#8220; background_repeat=&#8220;repeat&#8220; global_colors_info=&#8220;{}&#8220;][et_pb_column type=&#8220;4_4&#8243; _builder_version=&#8220;4.16&#8243; custom_padding=&#8220;|||&#8220; global_colors_info=&#8220;{}&#8220; custom_padding__hover=&#8220;|||&#8220;][et_pb_text _builder_version=&#8220;4.16&#8243; _module_preset=&#8220;default&#8220; header_text_align=&#8220;left&#8220; header_text_color=&#8220;#234a5e&#8220; header_font_size=&#8220;38px&#8220; header_line_height=&#8220;1.5em&#8220; custom_margin=&#8220;||||false|false&#8220; header_font_size_tablet=&#8220;32px&#8220; header_font_size_phone=&#8220;28px&#8220; header_font_size_last_edited=&#8220;on|phone&#8220; global_colors_info=&#8220;{}&#8220;]<\/p>\n<h1>OSTEOPATH<\/h1>\n<h1><strong>Andr\u00e9s Rojas<\/strong><\/h1>\n<p>[\/et_pb_text][et_pb_button button_url=&#8220;@ET-DC@eyJkeW5hbWljIjp0cnVlLCJjb250ZW50IjoicG9zdF9saW5rX3VybF9wYWdlIiwic2V0dGluZ3MiOnsicG9zdF9pZCI6IjIzNyJ9fQ==@&#8220; button_text=&#8220;Buchen Sie jetzt&#8220; button_alignment=&#8220;left&#8220; _builder_version=&#8220;4.16&#8243; _dynamic_attributes=&#8220;button_url&#8220; _module_preset=&#8220;default&#8220; global_colors_info=&#8220;{}&#8220;][\/et_pb_button][\/et_pb_column][\/et_pb_row][\/et_pb_section][et_pb_section fb_built=&#8220;1&#8243; _builder_version=&#8220;4.16&#8243; _module_preset=&#8220;default&#8220; custom_margin=&#8220;0px|0px|0px|0px|false|false&#8220; custom_padding=&#8220;0px|0px|0px|0px|false|false&#8220; global_colors_info=&#8220;{}&#8220;][et_pb_row column_structure=&#8220;1_4,1_4,1_4,1_4&#8243; use_custom_gutter=&#8220;on&#8220; gutter_width=&#8220;1&#8243; _builder_version=&#8220;4.16&#8243; _module_preset=&#8220;default&#8220; width=&#8220;100%&#8220; custom_margin=&#8220;0px|0px|0px|0px|false|false&#8220; custom_padding=&#8220;0px|0px|0px|0px|false|false&#8220; global_colors_info=&#8220;{}&#8220;][et_pb_column type=&#8220;1_4&#8243; _builder_version=&#8220;4.16&#8243; _module_preset=&#8220;default&#8220; background_image=&#8220;https:\/\/www.osteopalma.eu\/wp-content\/uploads\/2021\/07\/OsteoPalma_Osteopathy_Physiotherapy_Palma_Mallorca_web_-08318.jpg&#8220; global_colors_info=&#8220;{}&#8220;][et_pb_text _builder_version=&#8220;4.16&#8243; _module_preset=&#8220;default&#8220; height=&#8220;300px&#8220; global_colors_info=&#8220;{}&#8220;][\/et_pb_text][\/et_pb_column][et_pb_column type=&#8220;1_4&#8243; _builder_version=&#8220;4.16&#8243; _module_preset=&#8220;default&#8220; background_image=&#8220;https:\/\/www.osteopalma.eu\/wp-content\/uploads\/2021\/07\/OsteoPalma_Osteopathy_Physiotherapy_Palma_Mallorca_web_-08417.jpg&#8220; global_colors_info=&#8220;{}&#8220;][et_pb_text _builder_version=&#8220;4.16&#8243; _module_preset=&#8220;default&#8220; height=&#8220;300px&#8220; global_colors_info=&#8220;{}&#8220;][\/et_pb_text][\/et_pb_column][et_pb_column type=&#8220;1_4&#8243; _builder_version=&#8220;4.16&#8243; _module_preset=&#8220;default&#8220; background_image=&#8220;https:\/\/www.osteopalma.eu\/wp-content\/uploads\/2021\/07\/OsteoPalma_Osteopathy_Physiotherapy_Palma_Mallorca_web_-08371.jpg&#8220; global_colors_info=&#8220;{}&#8220;][et_pb_text _builder_version=&#8220;4.16&#8243; _module_preset=&#8220;default&#8220; height=&#8220;300px&#8220; global_colors_info=&#8220;{}&#8220;][\/et_pb_text][\/et_pb_column][et_pb_column type=&#8220;1_4&#8243; _builder_version=&#8220;4.16&#8243; _module_preset=&#8220;default&#8220; background_image=&#8220;https:\/\/www.osteopalma.eu\/wp-content\/uploads\/2021\/07\/OsteoPalma_Osteopathy_Physiotherapy_Palma_Mallorca_web_-08437.jpg&#8220; global_colors_info=&#8220;{}&#8220;][et_pb_text _builder_version=&#8220;4.16&#8243; _module_preset=&#8220;default&#8220; height=&#8220;300px&#8220; global_colors_info=&#8220;{}&#8220;][\/et_pb_text][\/et_pb_column][\/et_pb_row][\/et_pb_section][et_pb_section fb_built=&#8220;1&#8243; admin_label=&#8220;Features&#8220; _builder_version=&#8220;4.16&#8243; custom_padding=&#8220;100px|0px|82px|0px||&#8220; global_colors_info=&#8220;{}&#8220;][et_pb_row column_structure=&#8220;1_2,1_2&#8243; _builder_version=&#8220;4.16&#8243; global_colors_info=&#8220;{}&#8220;][et_pb_column type=&#8220;1_2&#8243; _builder_version=&#8220;4.16&#8243; custom_padding=&#8220;|||&#8220; global_colors_info=&#8220;{}&#8220; custom_padding__hover=&#8220;|||&#8220;][et_pb_image src=&#8220;https:\/\/www.osteopalma.eu\/wp-content\/uploads\/2021\/07\/OsteoPalma_Osteopathy_Physiotherapy_Palma_Mallorca_web_-08450.jpg&#8220; title_text=&#8220;OsteoPalma_Osteopathy_Physiotherapy_Palma_Mallorca_web_-08450&#8243; _builder_version=&#8220;4.16&#8243; _module_preset=&#8220;default&#8220; animation_style=&#8220;fade&#8220; global_colors_info=&#8220;{}&#8220;][\/et_pb_image][\/et_pb_column][et_pb_column type=&#8220;1_2&#8243; _builder_version=&#8220;4.16&#8243; custom_padding=&#8220;|||&#8220; global_colors_info=&#8220;{}&#8220; custom_padding__hover=&#8220;|||&#8220;][et_pb_text _builder_version=&#8220;4.16&#8243; _module_preset=&#8220;default&#8220; header_3_line_height=&#8220;1.2em&#8220; global_colors_info=&#8220;{}&#8220;]<\/p>\n<h3><strong>ANDR\u00c9S ROJAS<\/strong><\/h3>\n<h3><em>Osteopath &#8211; <\/em>Spanisches Register der Osteopathen (ROE) Mitglied Nr. 671<\/h3>\n<h3>Englisch &#8211; Spanisch<\/h3>\n<p>[\/et_pb_text][et_pb_text _builder_version=&#8220;4.16&#8243; _module_preset=&#8220;default&#8220; hover_enabled=&#8220;0&#8243; global_colors_info=&#8220;{}&#8220; sticky_enabled=&#8220;0&#8243;]<\/p>\n<p><strong>\u00dcber Andr\u00e9s<\/strong><\/p>\n<p>Andr\u00e9s war schon immer fasziniert vom menschlichen K\u00f6rper und davon, wie man dessen Beschwerden auf nat\u00fcrliche Weise beheben kann. Seine berufliche Laufbahn begann er als approbierter Zahnarzt in Kolumbien. Getrieben von seiner Neugier auf andere Kulturen, entschied er sich, die Welt zu erkunden. W\u00e4hrend dieser Reise lebte und arbeitete er sieben Monate lang in einem Kibbuz in Israel.<\/p>\n<p>Schlie\u00dflich lie\u00df er sich f\u00fcr mehrere Jahre in London nieder. Dort kam er erstmals mit der Osteopathie in Ber\u00fchrung \u2013 ein Schl\u00fcsselmoment, der ihn dazu veranlasste, seinen beruflichen Weg neu zu gestalten. Er absolvierte ein Studium an der British School of Osteopathy und schloss mit einem Master in Osteopathie ab. Nach dem Abschluss sammelte er Berufserfahrung in verschiedenen Praxen und bildete sich parallel in klassischer Osteopathie weiter, wobei er sich intensiv mit den urspr\u00fcnglichen Prinzipien dieser Disziplin auseinandersetzte.<!-- notionvc: 3c8b303e-866f-4803-a9df-5c6683b5464f --><\/p>\n<p>[\/et_pb_text][\/et_pb_column][\/et_pb_row][et_pb_row column_structure=&#8220;1_2,1_2&#8243; _builder_version=&#8220;4.16&#8243; global_colors_info=&#8220;{}&#8220;][et_pb_column type=&#8220;1_2&#8243; _builder_version=&#8220;4.16&#8243; custom_padding=&#8220;|||&#8220; global_colors_info=&#8220;{}&#8220; custom_padding__hover=&#8220;|||&#8220;][et_pb_text _builder_version=&#8220;4.16&#8243; _module_preset=&#8220;default&#8220; global_colors_info=&#8220;{}&#8220;]<\/p>\n<p><strong>Andr\u00e9s\u2019 Ansatz in der Osteopathie<\/strong><\/p>\n<p>Die Osteopathie umfasst unterschiedliche Ans\u00e4tze und Lehrmeinungen. W\u00e4hrend sich einige Methoden auf strukturelle Manipulationen und gezielte Rehabilitation einzelner K\u00f6rperbereiche konzentrieren \u2013 \u00e4hnlich der Chiropraktik oder Physiotherapie \u2013 verfolgt Andr\u00e9s den Weg der klassischen Osteopathie.<\/p>\n<p>Diese traditionelle Herangehensweise legt den Fokus auf das zentrale Nervensystem, insbesondere auf die Stimulation des parasympathischen Systems, um die nat\u00fcrlichen Regenerations- und Heilungsprozesse des K\u00f6rpers zu f\u00f6rdern. Andr\u00e9s verwendet Techniken, die auf harmonischen Bewegungen und dem Einsatz langer Hebel basieren. Dies erm\u00f6glicht eine tiefgreifende Wirkung auf die Gelenke \u2013 ganz ohne den Einsatz von Kraft. Diese sanfte Methode ist nicht nur sehr effektiv, sondern auch besonders entspannend f\u00fcr die Patient*innen und tr\u00e4gt zur Wiederherstellung der nat\u00fcrlichen Beweglichkeit und Funktion des K\u00f6rpers bei.<\/p>\n<p>Dar\u00fcber hinaus integriert Andr\u00e9s den sogenannten\u00a0<strong>Gewebeansatz<\/strong>, eine Methode, die von der kranialen Osteopathie inspiriert ist. Dabei arbeitet er mit den Weichteilen des K\u00f6rpers, beginnend bei tiefen Strukturen wie der Dura mater. Mit zunehmender Wiederherstellung der Beweglichkeit wendet er sich schrittweise den oberfl\u00e4chlicheren Gewebeschichten zu. Dieser ganzheitliche und schichtweise Aufbau f\u00f6rdert die strukturelle Integration und eine tiefgreifende Wiederherstellung der K\u00f6rperfunktionen.<!-- notionvc: 776273c4-058c-46fa-9ef6-d55f4e2f1d56 --><\/p>\n<p>[\/et_pb_text][\/et_pb_column][et_pb_column type=&#8220;1_2&#8243; _builder_version=&#8220;4.16&#8243; custom_padding=&#8220;|||&#8220; global_colors_info=&#8220;{}&#8220; custom_padding__hover=&#8220;|||&#8220;][et_pb_image src=&#8220;https:\/\/www.osteopalma.eu\/wp-content\/uploads\/2021\/07\/OsteoPalma_Osteopathy_Physiotherapy_Palma_Mallorca_web_-08368.jpg&#8220; title_text=&#8220;OsteoPalma_Osteopathy_Physiotherapy_Palma_Mallorca_web_-08368&#8243; _builder_version=&#8220;4.16&#8243; _module_preset=&#8220;default&#8220; animation_style=&#8220;fade&#8220; global_colors_info=&#8220;{}&#8220;][\/et_pb_image][\/et_pb_column][\/et_pb_row][\/et_pb_section][et_pb_section fb_built=&#8220;1&#8243; admin_label=&#8220;Features&#8220; _builder_version=&#8220;4.16&#8243; custom_padding=&#8220;0px|0px|0px|0px&#8220; global_colors_info=&#8220;{}&#8220;][et_pb_row column_structure=&#8220;1_2,1_2&#8243; use_custom_gutter=&#8220;on&#8220; gutter_width=&#8220;1&#8243; make_equal=&#8220;on&#8220; admin_label=&#8220;CTA Row&#8220; module_class=&#8220; et_pb_row_fullwidth&#8220; _builder_version=&#8220;4.16&#8243; width=&#8220;100%&#8220; width_tablet=&#8220;100%&#8220; width_phone=&#8220;&#8220; width_last_edited=&#8220;on|desktop&#8220; max_width=&#8220;100%&#8220; max_width_tablet=&#8220;100%&#8220; max_width_phone=&#8220;&#8220; max_width_last_edited=&#8220;on|desktop&#8220; custom_padding=&#8220;0px|0px|0px|0px&#8220; make_fullwidth=&#8220;on&#8220; global_colors_info=&#8220;{}&#8220;][et_pb_column type=&#8220;1_2&#8243; _builder_version=&#8220;4.16&#8243; background_image=&#8220;https:\/\/www.osteopalma.eu\/wp-content\/uploads\/2021\/09\/OsteoPalma_Osteopathy_Physiotherapy_Palma_Mallorca_web_-08330_Andres_Rojas_osteopata.jpg&#8220; custom_padding=&#8220;|||&#8220; global_colors_info=&#8220;{}&#8220; custom_padding__hover=&#8220;|||&#8220;][et_pb_divider show_divider=&#8220;off&#8220; _builder_version=&#8220;4.16&#8243; height=&#8220;400px&#8220; locked=&#8220;off&#8220; global_colors_info=&#8220;{}&#8220;][\/et_pb_divider][\/et_pb_column][et_pb_column type=&#8220;1_2&#8243; _builder_version=&#8220;4.16&#8243; background_color=&#8220;#234A5E&#8220; custom_padding=&#8220;|||&#8220; global_colors_info=&#8220;{}&#8220; custom_padding__hover=&#8220;|||&#8220;][et_pb_cta title=&#8220;Buchen Sie Ihre Behandlung&#8220; button_url=&#8220;@ET-DC@eyJkeW5hbWljIjp0cnVlLCJjb250ZW50IjoicG9zdF9saW5rX3VybF9wYWdlIiwic2V0dGluZ3MiOnsicG9zdF9pZCI6IjIzNyJ9fQ==@&#8220; button_text=&#8220;Online buchen&#8220; _builder_version=&#8220;4.16&#8243; _dynamic_attributes=&#8220;button_url&#8220; header_font=&#8220;||||||||&#8220; header_text_color=&#8220;#ffffff&#8220; header_font_size=&#8220;38px&#8220; header_line_height=&#8220;1.4em&#8220; body_font=&#8220;|500|||||||&#8220; body_text_color=&#8220;#FFFFFF&#8220; body_line_height=&#8220;1.9em&#8220; use_background_color=&#8220;off&#8220; button_alignment=&#8220;left&#8220; text_orientation=&#8220;left&#8220; max_width=&#8220;580px&#8220; max_width_tablet=&#8220;&#8220; max_width_phone=&#8220;&#8220; max_width_last_edited=&#8220;on|desktop&#8220; module_alignment=&#8220;left&#8220; custom_margin=&#8220;|||&#8220; custom_padding=&#8220;100px|60px|100px|60px&#8220; header_font_size_tablet=&#8220;32px&#8220; header_font_size_phone=&#8220;28px&#8220; header_font_size_last_edited=&#8220;on|phone&#8220; button_text_color_hover=&#8220;#2f3854&#8243; button_border_radius_hover=&#8220;66px&#8220; button_letter_spacing_hover=&#8220;1px&#8220; button_bg_color_hover=&#8220;#ffffff&#8220; global_colors_info=&#8220;{}&#8220; button_text_size__hover_enabled=&#8220;off&#8220; button_one_text_size__hover_enabled=&#8220;off&#8220; button_two_text_size__hover_enabled=&#8220;off&#8220; button_text_color__hover_enabled=&#8220;on&#8220; button_text_color__hover=&#8220;#2f3854&#8243; button_one_text_color__hover_enabled=&#8220;off&#8220; button_two_text_color__hover_enabled=&#8220;off&#8220; button_border_width__hover_enabled=&#8220;off&#8220; button_one_border_width__hover_enabled=&#8220;off&#8220; button_two_border_width__hover_enabled=&#8220;off&#8220; button_border_color__hover_enabled=&#8220;off&#8220; button_one_border_color__hover_enabled=&#8220;off&#8220; button_two_border_color__hover_enabled=&#8220;off&#8220; button_border_radius__hover_enabled=&#8220;on&#8220; button_border_radius__hover=&#8220;66px&#8220; button_one_border_radius__hover_enabled=&#8220;off&#8220; button_two_border_radius__hover_enabled=&#8220;off&#8220; button_letter_spacing__hover_enabled=&#8220;on&#8220; button_letter_spacing__hover=&#8220;1px&#8220; button_one_letter_spacing__hover_enabled=&#8220;off&#8220; button_two_letter_spacing__hover_enabled=&#8220;off&#8220; button_bg_color__hover_enabled=&#8220;on&#8220; button_bg_color__hover=&#8220;#ffffff&#8220; button_one_bg_color__hover_enabled=&#8220;off&#8220; button_two_bg_color__hover_enabled=&#8220;off&#8220;]<\/p>\n<p>Es ist ganz einfach, Ihre Behandlung bei Andr\u00e9s \u00fcber unser Online-Buchungssystem zu buchen.<\/p>\n<p>[\/et_pb_cta][\/et_pb_column][\/et_pb_row][\/et_pb_section]<\/p>\n","protected":false},"excerpt":{"rendered":"<p>OSTEOPATH Andr\u00e9s RojasANDR\u00c9S ROJAS Osteopath &#8211; Spanisches Register der Osteopathen (ROE) Mitglied Nr. 671 Englisch &#8211; Spanisch\u00dcber Andr\u00e9s Andr\u00e9s war schon immer fasziniert vom menschlichen K\u00f6rper und davon, wie man dessen Beschwerden auf nat\u00fcrliche Weise beheben kann. Seine berufliche Laufbahn begann er als approbierter Zahnarzt in Kolumbien. Getrieben von seiner Neugier auf andere Kulturen, entschied [&hellip;]<\/p>\n","protected":false},"author":1,"featured_media":0,"parent":0,"menu_order":0,"comment_status":"closed","ping_status":"closed","template":"","meta":{"_et_pb_use_builder":"on","_et_pb_old_content":"","_et_gb_content_width":"","footnotes":""},"class_list":["post-844","page","type-page","status-publish","hentry"],"_links":{"self":[{"href":"https:\/\/www.osteopalma.eu\/de\/wp-json\/wp\/v2\/pages\/844","targetHints":{"allow":["GET"]}}],"collection":[{"href":"https:\/\/www.osteopalma.eu\/de\/wp-json\/wp\/v2\/pages"}],"about":[{"href":"https:\/\/www.osteopalma.eu\/de\/wp-json\/wp\/v2\/types\/page"}],"author":[{"embeddable":true,"href":"https:\/\/www.osteopalma.eu\/de\/wp-json\/wp\/v2\/users\/1"}],"replies":[{"embeddable":true,"href":"https:\/\/www.osteopalma.eu\/de\/wp-json\/wp\/v2\/comments?post=844"}],"version-history":[{"count":5,"href":"https:\/\/www.osteopalma.eu\/de\/wp-json\/wp\/v2\/pages\/844\/revisions"}],"predecessor-version":[{"id":1853,"href":"https:\/\/www.osteopalma.eu\/de\/wp-json\/wp\/v2\/pages\/844\/revisions\/1853"}],"wp:attachment":[{"href":"https:\/\/www.osteopalma.eu\/de\/wp-json\/wp\/v2\/media?parent=844"}],"curies":[{"name":"wp","href":"https:\/\/api.w.org\/{rel}","templated":true}]}}