{"id":859,"date":"2022-01-11T19:28:24","date_gmt":"2022-01-11T19:28:24","guid":{"rendered":"https:\/\/www.osteopalma.eu\/online-buchen\/"},"modified":"2022-03-07T08:42:15","modified_gmt":"2022-03-07T08:42:15","slug":"online-buchen","status":"publish","type":"page","link":"https:\/\/www.osteopalma.eu\/de\/online-buchen\/","title":{"rendered":"ONLINE BUCHEN"},"content":{"rendered":"<p>[et_pb_section fb_built=&#8220;1&#8243; admin_label=&#8220;Hero&#8220; _builder_version=&#8220;4.9.10&#8243; use_background_color_gradient=&#8220;on&#8220; background_color_gradient_start=&#8220;rgba(255,255,255,0.43)&#8220; background_color_gradient_end=&#8220;rgba(255,255,255,0.43)&#8220; background_color_gradient_overlays_image=&#8220;on&#8220; background_image=&#8220;https:\/\/www.osteopalma.eu\/wp-content\/uploads\/2021\/07\/OsteoPalma_Osteopathy_Physiotherapy_Palma_Mallorca_web_1920px-3-1.jpg&#8220; custom_padding=&#8220;5vw||5vw||true|false&#8220; global_colors_info=&#8220;{}&#8220;][et_pb_row _builder_version=&#8220;3.25&#8243; background_size=&#8220;initial&#8220; background_position=&#8220;top_left&#8220; background_repeat=&#8220;repeat&#8220; global_colors_info=&#8220;{}&#8220;][et_pb_column type=&#8220;4_4&#8243; _builder_version=&#8220;3.25&#8243; custom_padding=&#8220;|||&#8220; global_colors_info=&#8220;{}&#8220; custom_padding__hover=&#8220;|||&#8220;][et_pb_text _builder_version=&#8220;4.9.10&#8243; _module_preset=&#8220;default&#8220; header_text_align=&#8220;center&#8220; header_text_color=&#8220;#234a5e&#8220; header_font_size=&#8220;38px&#8220; custom_margin=&#8220;||||false|false&#8220; global_colors_info=&#8220;{}&#8220; header_font_size_tablet=&#8220;32px&#8220; header_font_size_phone=&#8220;28px&#8220; header_font_size_last_edited=&#8220;on|phone&#8220; header_line_height=&#8220;1.5em&#8220;]<\/p>\n<h1>ONLINE BUCHEN<\/h1>\n<p>[\/et_pb_text][\/et_pb_column][\/et_pb_row][\/et_pb_section][et_pb_section fb_built=&#8220;1&#8243; _builder_version=&#8220;4.9.10&#8243; _module_preset=&#8220;default&#8220; background_color=&#8220;rgba(35,74,94,0.09)&#8220; custom_padding=&#8220;37px|||||&#8220; global_colors_info=&#8220;{}&#8220;][et_pb_row _builder_version=&#8220;4.9.10&#8243; _module_preset=&#8220;default&#8220; max_width=&#8220;1600px&#8220; global_colors_info=&#8220;{}&#8220;][et_pb_column type=&#8220;4_4&#8243; _builder_version=&#8220;4.9.10&#8243; _module_preset=&#8220;default&#8220; global_colors_info=&#8220;{}&#8220;][et_pb_text _builder_version=&#8220;4.11.2&#8243; _module_preset=&#8220;default&#8220; hover_enabled=&#8220;0&#8243; global_colors_info=&#8220;{}&#8220; header_font_size=&#8220;28px&#8220; header_font_size_last_edited=&#8220;on|desktop&#8220; sticky_enabled=&#8220;0&#8243; header_font_size_tablet=&#8220;24px&#8220; header_font_size_phone=&#8220;21px&#8220;]<\/p>\n<h1 style=\"text-align: center;\">Buchen Sie ganz einfach online einen Termin bei einem unserer Therapeuten.<\/h1>\n<p style=\"text-align: center;\">Sie brauchen sich nicht zu registrieren und erhalten eine Best\u00e4tigungs-E-Mail, sobald die Buchung abgeschlossen ist.<\/p>\n<p style=\"text-align: center;\">F\u00fcr Termine am selben Tag oder einen Notdienst am Wochenende (sofern verf\u00fcgbar) rufen Sie uns bitte an bzw. senden Sie uns eine WhatsApp <a href=\"tel:+34670384130\" target=\"_blank\" rel=\"noopener\">+34 670 384 130<\/a>.<\/p>\n<p>[\/et_pb_text][\/et_pb_column][\/et_pb_row][et_pb_row _builder_version=&#8220;4.9.10&#8243; _module_preset=&#8220;default&#8220; max_width=&#8220;1600px&#8220; global_colors_info=&#8220;{}&#8220;][et_pb_column type=&#8220;4_4&#8243; _builder_version=&#8220;4.9.10&#8243; _module_preset=&#8220;default&#8220; global_colors_info=&#8220;{}&#8220;][et_pb_text _builder_version=&#8220;4.9.10&#8243; _module_preset=&#8220;default&#8220; global_colors_info=&#8220;{}&#8220;]<iframe loading=\"lazy\" src=\"https:\/\/osteopalma.cliniko.com\/bookings?embedded=true\" width=\"100%\" height=\"450\" frameborder=\"0\" scrolling=\"auto\"><\/iframe>[\/et_pb_text][\/et_pb_column][\/et_pb_row][\/et_pb_section]<\/p>\n","protected":false},"excerpt":{"rendered":"<p>ONLINE BUCHENBuchen Sie ganz einfach online einen Termin bei einem unserer Therapeuten. Sie brauchen sich nicht zu registrieren und erhalten eine Best\u00e4tigungs-E-Mail, sobald die Buchung abgeschlossen ist. F\u00fcr Termine am selben Tag oder einen Notdienst am Wochenende (sofern verf\u00fcgbar) rufen Sie uns bitte an bzw. senden Sie uns eine WhatsApp +34 670 384 130.<\/p>\n","protected":false},"author":1,"featured_media":752,"parent":0,"menu_order":0,"comment_status":"closed","ping_status":"closed","template":"","meta":{"_et_pb_use_builder":"on","_et_pb_old_content":"","_et_gb_content_width":"","footnotes":""},"class_list":["post-859","page","type-page","status-publish","has-post-thumbnail","hentry"],"_links":{"self":[{"href":"https:\/\/www.osteopalma.eu\/de\/wp-json\/wp\/v2\/pages\/859","targetHints":{"allow":["GET"]}}],"collection":[{"href":"https:\/\/www.osteopalma.eu\/de\/wp-json\/wp\/v2\/pages"}],"about":[{"href":"https:\/\/www.osteopalma.eu\/de\/wp-json\/wp\/v2\/types\/page"}],"author":[{"embeddable":true,"href":"https:\/\/www.osteopalma.eu\/de\/wp-json\/wp\/v2\/users\/1"}],"replies":[{"embeddable":true,"href":"https:\/\/www.osteopalma.eu\/de\/wp-json\/wp\/v2\/comments?post=859"}],"version-history":[{"count":5,"href":"https:\/\/www.osteopalma.eu\/de\/wp-json\/wp\/v2\/pages\/859\/revisions"}],"predecessor-version":[{"id":960,"href":"https:\/\/www.osteopalma.eu\/de\/wp-json\/wp\/v2\/pages\/859\/revisions\/960"}],"wp:featuredmedia":[{"embeddable":true,"href":"https:\/\/www.osteopalma.eu\/de\/wp-json\/wp\/v2\/media\/752"}],"wp:attachment":[{"href":"https:\/\/www.osteopalma.eu\/de\/wp-json\/wp\/v2\/media?parent=859"}],"curies":[{"name":"wp","href":"https:\/\/api.w.org\/{rel}","templated":true}]}}