{"id":1390,"date":"2023-06-16T14:32:04","date_gmt":"2023-06-16T14:32:04","guid":{"rendered":"https:\/\/www.osteopalma.eu\/osteopata-federica-parenti\/"},"modified":"2024-09-04T14:52:26","modified_gmt":"2024-09-04T14:52:26","slug":"osteopata-federica-parenti","status":"publish","type":"page","link":"https:\/\/www.osteopalma.eu\/es\/osteopata-federica-parenti\/","title":{"rendered":"Osteopata Federica Parenti"},"content":{"rendered":"<p>[et_pb_section fb_built=\u00bb1&#8243; admin_label=\u00bbHero\u00bb _builder_version=\u00bb4.20.2&#8243; use_background_color_gradient=\u00bbon\u00bb background_color_gradient_stops=\u00bbrgba(255,255,255,0.43) 0%|rgba(255,255,255,0.43) 100%\u00bb background_color_gradient_overlays_image=\u00bbon\u00bb background_color_gradient_start=\u00bbrgba(255,255,255,0.43)\u00bb background_color_gradient_end=\u00bbrgba(255,255,255,0.43)\u00bb background_image=\u00bbhttps:\/\/www.osteopalma.eu\/wp-content\/uploads\/2023\/06\/osteopalma_federica_parenti_osteopath_12-1.png\u00bb custom_padding=\u00bb9vw||11vw||false|false\u00bb global_colors_info=\u00bb{}\u00bb][et_pb_row _builder_version=\u00bb4.16&#8243; background_size=\u00bbinitial\u00bb background_position=\u00bbtop_left\u00bb background_repeat=\u00bbrepeat\u00bb global_colors_info=\u00bb{}\u00bb][et_pb_column type=\u00bb4_4&#8243; _builder_version=\u00bb4.16&#8243; custom_padding=\u00bb|||\u00bb global_colors_info=\u00bb{}\u00bb custom_padding__hover=\u00bb|||\u00bb][et_pb_text _builder_version=\u00bb4.20.2&#8243; _module_preset=\u00bbdefault\u00bb header_text_align=\u00bbleft\u00bb header_text_color=\u00bb#234a5e\u00bb header_font_size=\u00bb46px\u00bb custom_margin=\u00bb||||false|false\u00bb global_colors_info=\u00bb{}\u00bb]<\/p>\n<h1 style=\"text-align: right;\">OSTE\u00d3PATA<\/h1>\n<h1 style=\"text-align: right;\"><strong>Federica Parenti<\/strong><\/h1>\n<p>[\/et_pb_text][et_pb_button button_url=\u00bb@ET-DC@eyJkeW5hbWljIjp0cnVlLCJjb250ZW50IjoicG9zdF9saW5rX3VybF9wYWdlIiwic2V0dGluZ3MiOnsicG9zdF9pZCI6IjIzNyJ9fQ==@\u00bb button_text=\u00bbReservar ahora\u00bb button_alignment=\u00bbright\u00bb _builder_version=\u00bb4.17.6&#8243; _dynamic_attributes=\u00bbbutton_url\u00bb _module_preset=\u00bbdefault\u00bb global_colors_info=\u00bb{}\u00bb][\/et_pb_button][\/et_pb_column][\/et_pb_row][\/et_pb_section][et_pb_section fb_built=\u00bb1&#8243; _builder_version=\u00bb4.16&#8243; _module_preset=\u00bbdefault\u00bb custom_margin=\u00bb0px|0px|0px|0px|false|false\u00bb custom_padding=\u00bb0px|0px|0px|0px|false|false\u00bb global_colors_info=\u00bb{}\u00bb][et_pb_row column_structure=\u00bb1_4,1_4,1_4,1_4&#8243; use_custom_gutter=\u00bbon\u00bb gutter_width=\u00bb1&#8243; _builder_version=\u00bb4.20.2&#8243; _module_preset=\u00bbdefault\u00bb width=\u00bb100%\u00bb custom_margin=\u00bb0px|0px|0px|0px|false|false\u00bb custom_padding=\u00bb0px|0px|0px|0px|false|false\u00bb global_colors_info=\u00bb{}\u00bb][et_pb_column type=\u00bb1_4&#8243; _builder_version=\u00bb4.20.2&#8243; _module_preset=\u00bbdefault\u00bb background_image=\u00bbhttps:\/\/www.osteopalma.eu\/wp-content\/uploads\/2023\/06\/osteopalma_federica_parenti_osteopath_1.png\u00bb global_colors_info=\u00bb{}\u00bb][et_pb_text _builder_version=\u00bb4.16&#8243; _module_preset=\u00bbdefault\u00bb height=\u00bb300px\u00bb global_colors_info=\u00bb{}\u00bb][\/et_pb_text][\/et_pb_column][et_pb_column type=\u00bb1_4&#8243; _builder_version=\u00bb4.20.2&#8243; _module_preset=\u00bbdefault\u00bb background_image=\u00bbhttps:\/\/www.osteopalma.eu\/wp-content\/uploads\/2023\/06\/osteopalma_federica_parenti_osteopath_2.png\u00bb global_colors_info=\u00bb{}\u00bb][et_pb_text _builder_version=\u00bb4.16&#8243; _module_preset=\u00bbdefault\u00bb height=\u00bb300px\u00bb global_colors_info=\u00bb{}\u00bb][\/et_pb_text][\/et_pb_column][et_pb_column type=\u00bb1_4&#8243; _builder_version=\u00bb4.20.2&#8243; _module_preset=\u00bbdefault\u00bb background_image=\u00bbhttps:\/\/www.osteopalma.eu\/wp-content\/uploads\/2023\/06\/osteopalma_federica_parenti_osteopath_3.png\u00bb global_colors_info=\u00bb{}\u00bb][et_pb_text _builder_version=\u00bb4.16&#8243; _module_preset=\u00bbdefault\u00bb height=\u00bb300px\u00bb global_colors_info=\u00bb{}\u00bb][\/et_pb_text][\/et_pb_column][et_pb_column type=\u00bb1_4&#8243; _builder_version=\u00bb4.20.2&#8243; _module_preset=\u00bbdefault\u00bb background_image=\u00bbhttps:\/\/www.osteopalma.eu\/wp-content\/uploads\/2023\/06\/osteopalma_federica_parenti_osteopath_4.png\u00bb global_colors_info=\u00bb{}\u00bb][et_pb_text _builder_version=\u00bb4.16&#8243; _module_preset=\u00bbdefault\u00bb height=\u00bb300px\u00bb global_colors_info=\u00bb{}\u00bb][\/et_pb_text][\/et_pb_column][\/et_pb_row][\/et_pb_section][et_pb_section fb_built=\u00bb1&#8243; admin_label=\u00bbFeatures\u00bb _builder_version=\u00bb4.16&#8243; custom_padding=\u00bb100px|0px|82px|0px||\u00bb global_colors_info=\u00bb{}\u00bb][et_pb_row column_structure=\u00bb1_2,1_2&#8243; _builder_version=\u00bb4.16&#8243; global_colors_info=\u00bb{}\u00bb][et_pb_column type=\u00bb1_2&#8243; _builder_version=\u00bb4.16&#8243; custom_padding=\u00bb|||\u00bb global_colors_info=\u00bb{}\u00bb custom_padding__hover=\u00bb|||\u00bb][et_pb_image src=\u00bbhttps:\/\/www.osteopalma.eu\/wp-content\/uploads\/2023\/06\/osteopalma_federica_parenti_osteopath_1.png\u00bb title_text=\u00bbosteopalma_federica_parenti_osteopath_1&#8243; _builder_version=\u00bb4.20.2&#8243; _module_preset=\u00bbdefault\u00bb animation_style=\u00bbfade\u00bb global_colors_info=\u00bb{}\u00bb][\/et_pb_image][\/et_pb_column][et_pb_column type=\u00bb1_2&#8243; _builder_version=\u00bb4.16&#8243; custom_padding=\u00bb|||\u00bb global_colors_info=\u00bb{}\u00bb custom_padding__hover=\u00bb|||\u00bb][et_pb_text _builder_version=\u00bb4.20.2&#8243; _module_preset=\u00bbdefault\u00bb header_3_font=\u00bb|||on|||||\u00bb header_3_line_height=\u00bb1.2em\u00bb hover_enabled=\u00bb0&#8243; global_colors_info=\u00bb{}\u00bb sticky_enabled=\u00bb0&#8243;]<\/p>\n<h3><strong>Federica Parenti<\/strong><\/h3>\n<h3><em>Oste\u00f3pata<\/em><\/h3>\n<h3>English \u2013 Italiano &#8211; Espa\u00f1ol<\/h3>\n<p>[\/et_pb_text][et_pb_text _builder_version=\u00bb4.20.2&#8243; _module_preset=\u00bbdefault\u00bb text_orientation=\u00bbjustified\u00bb global_colors_info=\u00bb{}\u00bb]<\/p>\n<p>Federica siempre ha estado interesada en el cuerpo humano y quer\u00eda ayudar a los dem\u00e1s. Como patinadora art\u00edstica competitiva a una edad temprana, descubri\u00f3 la osteopat\u00eda debido a lesiones y r\u00e1pidamente se enamor\u00f3 de ella, ya que descubri\u00f3 que ser detective del cuerpo humano para ayudar con lesiones agudas o ayudar a prevenir futuras lesiones fue realmente inspirador.<\/p>\n<p>Por lo tanto, decidi\u00f3 estudiar osteopat\u00eda y obtuvo su licenciatura en Italia en el Colegio Internacional de Medicina Osteop\u00e1tica, y luego su maestr\u00eda en Ciencias en Osteopat\u00eda en Londres, Reino Unido.<\/p>\n<p>[\/et_pb_text][\/et_pb_column][\/et_pb_row][et_pb_row column_structure=\u00bb1_2,1_2&#8243; _builder_version=\u00bb4.16&#8243; global_colors_info=\u00bb{}\u00bb][et_pb_column type=\u00bb1_2&#8243; _builder_version=\u00bb4.16&#8243; custom_padding=\u00bb|||\u00bb global_colors_info=\u00bb{}\u00bb custom_padding__hover=\u00bb|||\u00bb][et_pb_text _builder_version=\u00bb4.20.2&#8243; _module_preset=\u00bbdefault\u00bb text_orientation=\u00bbjustified\u00bb global_colors_info=\u00bb{}\u00bb]<\/p>\n<p>Combinando ambici\u00f3n y aventura, Federica decidi\u00f3 mudarse a Nueva Zelanda para trabajar como oste\u00f3pata y viajar y explorar un pa\u00eds extranjero. Encontr\u00f3 el entorno de trabajo osteop\u00e1tico en Nueva Zelanda realmente fuerte e inspirador, y habiendo trabajado en gran medida con reci\u00e9n nacidos all\u00ed, desarroll\u00f3 una pasi\u00f3n y un objetivo de aumentar su conocimiento y experiencia en esa \u00e1rea.<\/p>\n<p>A Federica le encanta trabajar con una amplia gama de personas, investigar la causa de su problema y tratarlo considerando el cuerpo como una unidad. Utiliza diferentes enfoques basados en la condici\u00f3n y necesidades del paciente, con el objetivo de hacer que el cuerpo funcione en armon\u00eda y libre de dolor.<\/p>\n<p>[\/et_pb_text][\/et_pb_column][et_pb_column type=\u00bb1_2&#8243; _builder_version=\u00bb4.16&#8243; custom_padding=\u00bb|||\u00bb global_colors_info=\u00bb{}\u00bb custom_padding__hover=\u00bb|||\u00bb][et_pb_image src=\u00bbhttps:\/\/www.osteopalma.eu\/wp-content\/uploads\/2023\/06\/osteopalma_federica_parenti_osteopath_3.png\u00bb title_text=\u00bbosteopalma_federica_parenti_osteopath_3&#8243; _builder_version=\u00bb4.20.2&#8243; _module_preset=\u00bbdefault\u00bb animation_style=\u00bbfade\u00bb global_colors_info=\u00bb{}\u00bb][\/et_pb_image][\/et_pb_column][\/et_pb_row][\/et_pb_section][et_pb_section fb_built=\u00bb1&#8243; admin_label=\u00bbFeatures\u00bb _builder_version=\u00bb4.16&#8243; custom_padding=\u00bb0px|0px|0px|0px\u00bb global_colors_info=\u00bb{}\u00bb][et_pb_row column_structure=\u00bb1_2,1_2&#8243; use_custom_gutter=\u00bbon\u00bb gutter_width=\u00bb1&#8243; make_equal=\u00bbon\u00bb admin_label=\u00bbCTA Row\u00bb module_class=\u00bb et_pb_row_fullwidth\u00bb _builder_version=\u00bb4.20.2&#8243; width=\u00bb100%\u00bb width_tablet=\u00bb100%\u00bb width_phone=\u00bb\u00bb width_last_edited=\u00bbon|desktop\u00bb max_width=\u00bb100%\u00bb max_width_tablet=\u00bb100%\u00bb max_width_phone=\u00bb\u00bb max_width_last_edited=\u00bbon|desktop\u00bb custom_padding=\u00bb0px|0px|0px|0px\u00bb make_fullwidth=\u00bbon\u00bb global_colors_info=\u00bb{}\u00bb][et_pb_column type=\u00bb1_2&#8243; _builder_version=\u00bb4.20.2&#8243; background_image=\u00bbhttps:\/\/www.osteopalma.eu\/wp-content\/uploads\/2023\/06\/osteopalma_federica_parenti_osteopath_2.png\u00bb custom_padding=\u00bb|||\u00bb global_colors_info=\u00bb{}\u00bb custom_padding__hover=\u00bb|||\u00bb][et_pb_divider show_divider=\u00bboff\u00bb _builder_version=\u00bb4.16&#8243; height=\u00bb400px\u00bb locked=\u00bboff\u00bb global_colors_info=\u00bb{}\u00bb][\/et_pb_divider][\/et_pb_column][et_pb_column type=\u00bb1_2&#8243; _builder_version=\u00bb4.16&#8243; background_color=\u00bb#234A5E\u00bb custom_padding=\u00bb|||\u00bb global_colors_info=\u00bb{}\u00bb custom_padding__hover=\u00bb|||\u00bb][et_pb_cta title=\u00bbReserva tu tratamiento\u00bb button_url=\u00bb@ET-DC@eyJkeW5hbWljIjp0cnVlLCJjb250ZW50IjoicG9zdF9saW5rX3VybF9wYWdlIiwic2V0dGluZ3MiOnsicG9zdF9pZCI6IjIzNyJ9fQ==@\u00bb button_text=\u00bbReservar en l\u00ednea\u00bb _builder_version=\u00bb4.16&#8243; _dynamic_attributes=\u00bbbutton_url\u00bb header_font=\u00bb||||||||\u00bb header_text_color=\u00bb#ffffff\u00bb header_font_size=\u00bb45px\u00bb header_line_height=\u00bb1.4em\u00bb body_font=\u00bb|500|||||||\u00bb body_text_color=\u00bb#FFFFFF\u00bb body_line_height=\u00bb1.9em\u00bb use_background_color=\u00bboff\u00bb button_alignment=\u00bbleft\u00bb text_orientation=\u00bbleft\u00bb max_width=\u00bb580px\u00bb max_width_tablet=\u00bb\u00bb max_width_phone=\u00bb\u00bb max_width_last_edited=\u00bbon|desktop\u00bb module_alignment=\u00bbleft\u00bb custom_margin=\u00bb|||\u00bb custom_padding=\u00bb100px|60px|100px|60px\u00bb button_text_color_hover=\u00bb#2f3854&#8243; button_border_radius_hover=\u00bb66px\u00bb button_letter_spacing_hover=\u00bb1px\u00bb button_bg_color_hover=\u00bb#ffffff\u00bb global_colors_info=\u00bb{}\u00bb button_text_size__hover_enabled=\u00bboff\u00bb button_one_text_size__hover_enabled=\u00bboff\u00bb button_two_text_size__hover_enabled=\u00bboff\u00bb button_text_color__hover_enabled=\u00bbon\u00bb button_text_color__hover=\u00bb#2f3854&#8243; button_one_text_color__hover_enabled=\u00bboff\u00bb button_two_text_color__hover_enabled=\u00bboff\u00bb button_border_width__hover_enabled=\u00bboff\u00bb button_one_border_width__hover_enabled=\u00bboff\u00bb button_two_border_width__hover_enabled=\u00bboff\u00bb button_border_color__hover_enabled=\u00bboff\u00bb button_one_border_color__hover_enabled=\u00bboff\u00bb button_two_border_color__hover_enabled=\u00bboff\u00bb button_border_radius__hover_enabled=\u00bbon\u00bb button_border_radius__hover=\u00bb66px\u00bb button_one_border_radius__hover_enabled=\u00bboff\u00bb button_two_border_radius__hover_enabled=\u00bboff\u00bb button_letter_spacing__hover_enabled=\u00bbon\u00bb button_letter_spacing__hover=\u00bb1px\u00bb button_one_letter_spacing__hover_enabled=\u00bboff\u00bb button_two_letter_spacing__hover_enabled=\u00bboff\u00bb button_bg_color__hover_enabled=\u00bbon\u00bb button_bg_color__hover=\u00bb#ffffff\u00bb button_one_bg_color__hover_enabled=\u00bboff\u00bb button_two_bg_color__hover_enabled=\u00bboff\u00bb]<\/p>\n<p>Es muy f\u00e1cil reservar tu sesi\u00f3n de tratamiento con Federica a trav\u00e9s de nuestro sistema de reservas online.<\/p>\n<p>[\/et_pb_cta][\/et_pb_column][\/et_pb_row][\/et_pb_section]<\/p>\n","protected":false},"excerpt":{"rendered":"<p>OSTE\u00d3PATA Federica ParentiFederica Parenti Oste\u00f3pata English \u2013 Italiano &#8211; Espa\u00f1olFederica siempre ha estado interesada en el cuerpo humano y quer\u00eda ayudar a los dem\u00e1s. Como patinadora art\u00edstica competitiva a una edad temprana, descubri\u00f3 la osteopat\u00eda debido a lesiones y r\u00e1pidamente se enamor\u00f3 de ella, ya que descubri\u00f3 que ser detective del cuerpo humano para ayudar [&hellip;]<\/p>\n","protected":false},"author":1,"featured_media":0,"parent":0,"menu_order":0,"comment_status":"closed","ping_status":"closed","template":"","meta":{"_et_pb_use_builder":"on","_et_pb_old_content":"","_et_gb_content_width":"","footnotes":""},"class_list":["post-1390","page","type-page","status-publish","hentry"],"_links":{"self":[{"href":"https:\/\/www.osteopalma.eu\/es\/wp-json\/wp\/v2\/pages\/1390","targetHints":{"allow":["GET"]}}],"collection":[{"href":"https:\/\/www.osteopalma.eu\/es\/wp-json\/wp\/v2\/pages"}],"about":[{"href":"https:\/\/www.osteopalma.eu\/es\/wp-json\/wp\/v2\/types\/page"}],"author":[{"embeddable":true,"href":"https:\/\/www.osteopalma.eu\/es\/wp-json\/wp\/v2\/users\/1"}],"replies":[{"embeddable":true,"href":"https:\/\/www.osteopalma.eu\/es\/wp-json\/wp\/v2\/comments?post=1390"}],"version-history":[{"count":10,"href":"https:\/\/www.osteopalma.eu\/es\/wp-json\/wp\/v2\/pages\/1390\/revisions"}],"predecessor-version":[{"id":1741,"href":"https:\/\/www.osteopalma.eu\/es\/wp-json\/wp\/v2\/pages\/1390\/revisions\/1741"}],"wp:attachment":[{"href":"https:\/\/www.osteopalma.eu\/es\/wp-json\/wp\/v2\/media?parent=1390"}],"curies":[{"name":"wp","href":"https:\/\/api.w.org\/{rel}","templated":true}]}}