{"id":1802,"date":"2025-02-27T13:31:32","date_gmt":"2025-02-27T13:31:32","guid":{"rendered":"https:\/\/www.osteopalma.eu\/precios\/"},"modified":"2025-02-27T13:33:12","modified_gmt":"2025-02-27T13:33:12","slug":"precios","status":"publish","type":"page","link":"https:\/\/www.osteopalma.eu\/es\/precios\/","title":{"rendered":"Precios"},"content":{"rendered":"<p>[et_pb_section fb_built=\u00bb1&#8243; admin_label=\u00bbHero\u00bb _builder_version=\u00bb4.16&#8243; use_background_color_gradient=\u00bbon\u00bb background_color_gradient_stops=\u00bbrgba(255,255,255,0.43) 0%|rgba(255,255,255,0.43) 100%\u00bb background_color_gradient_overlays_image=\u00bbon\u00bb background_color_gradient_start=\u00bbrgba(255,255,255,0.43)\u00bb background_color_gradient_end=\u00bbrgba(255,255,255,0.43)\u00bb background_image=\u00bbhttps:\/\/www.osteopalma.eu\/wp-content\/uploads\/2021\/07\/OsteoPalma_Physiotherapy_Palma_Mallorca_1920px_banner_web_-08305.jpg\u00bb custom_padding=\u00bb5vw||5vw||true|false\u00bb locked=\u00bboff\u00bb global_colors_info=\u00bb{}\u00bb][et_pb_row _builder_version=\u00bb4.16&#8243; background_size=\u00bbinitial\u00bb background_position=\u00bbtop_left\u00bb background_repeat=\u00bbrepeat\u00bb global_colors_info=\u00bb{}\u00bb][et_pb_column type=\u00bb4_4&#8243; _builder_version=\u00bb4.16&#8243; custom_padding=\u00bb|||\u00bb global_colors_info=\u00bb{}\u00bb custom_padding__hover=\u00bb|||\u00bb][et_pb_text _builder_version=\u00bb4.16&#8243; _module_preset=\u00bbdefault\u00bb header_text_align=\u00bbcenter\u00bb header_text_color=\u00bb#234a5e\u00bb header_font_size=\u00bb38px\u00bb header_line_height=\u00bb1.5em\u00bb custom_margin=\u00bb||||false|false\u00bb header_font_size_tablet=\u00bb32px\u00bb header_font_size_phone=\u00bb28px\u00bb header_font_size_last_edited=\u00bbon|phone\u00bb global_colors_info=\u00bb{}\u00bb]<\/p>\n<h1>PRECIOS<\/h1>\n<p>[\/et_pb_text][\/et_pb_column][\/et_pb_row][\/et_pb_section][et_pb_section fb_built=\u00bb1&#8243; _builder_version=\u00bb4.16&#8243; _module_preset=\u00bbdefault\u00bb custom_padding=\u00bb35px||0px|||\u00bb global_colors_info=\u00bb{}\u00bb][et_pb_row _builder_version=\u00bb4.16&#8243; _module_preset=\u00bbdefault\u00bb custom_margin=\u00bb-24px|auto||auto||\u00bb custom_padding=\u00bb19px||6px|||\u00bb global_colors_info=\u00bb{}\u00bb][et_pb_column type=\u00bb4_4&#8243; _builder_version=\u00bb4.16&#8243; _module_preset=\u00bbdefault\u00bb global_colors_info=\u00bb{}\u00bb][et_pb_image src=\u00bbhttps:\/\/www.osteopalma.eu\/wp-content\/uploads\/2025\/02\/OP_pricelist_2025_ES.png\u00bb title_text=\u00bbOP_pricelist_2025_ES\u00bb align=\u00bbcenter\u00bb _builder_version=\u00bb4.27.0&#8243; _module_preset=\u00bbdefault\u00bb custom_margin=\u00bb||-2px|||\u00bb hover_enabled=\u00bb0&#8243; global_colors_info=\u00bb{}\u00bb sticky_enabled=\u00bb0&#8243;][\/et_pb_image][et_pb_button button_text=\u00bbReservar ahora\u00bb button_alignment=\u00bbcenter\u00bb _builder_version=\u00bb4.27.0&#8243; _module_preset=\u00bbdefault\u00bb custom_margin=\u00bb||41px|||\u00bb global_colors_info=\u00bb{}\u00bb][\/et_pb_button][\/et_pb_column][\/et_pb_row][\/et_pb_section][et_pb_section fb_built=\u00bb1&#8243; admin_label=\u00bbFeatures\u00bb _builder_version=\u00bb4.16&#8243; custom_padding=\u00bb0px|0px|0px|0px\u00bb global_colors_info=\u00bb{}\u00bb][et_pb_row column_structure=\u00bb1_2,1_2&#8243; use_custom_gutter=\u00bbon\u00bb gutter_width=\u00bb1&#8243; make_equal=\u00bbon\u00bb admin_label=\u00bbCTA Row\u00bb module_class=\u00bb et_pb_row_fullwidth\u00bb _builder_version=\u00bb4.16&#8243; width=\u00bb100%\u00bb width_tablet=\u00bb100%\u00bb width_phone=\u00bb\u00bb width_last_edited=\u00bbon|desktop\u00bb max_width=\u00bb100%\u00bb max_width_tablet=\u00bb100%\u00bb max_width_phone=\u00bb\u00bb max_width_last_edited=\u00bbon|desktop\u00bb custom_padding=\u00bb0px|0px|0px|0px\u00bb make_fullwidth=\u00bbon\u00bb global_colors_info=\u00bb{}\u00bb][et_pb_column type=\u00bb1_2&#8243; _builder_version=\u00bb4.16&#8243; background_image=\u00bbhttps:\/\/www.osteopalma.eu\/wp-content\/uploads\/2021\/09\/OsteoPalma_Osteopathy_Osteopatia_Physiotherapy_Fisioterapia_Treatment_Room_-1-van-1.jpg\u00bb custom_padding=\u00bb|||\u00bb global_colors_info=\u00bb{}\u00bb custom_padding__hover=\u00bb|||\u00bb][et_pb_divider show_divider=\u00bboff\u00bb _builder_version=\u00bb4.16&#8243; height=\u00bb400px\u00bb locked=\u00bboff\u00bb global_colors_info=\u00bb{}\u00bb][\/et_pb_divider][\/et_pb_column][et_pb_column type=\u00bb1_2&#8243; _builder_version=\u00bb4.16&#8243; background_color=\u00bb#83C340&#8243; custom_padding=\u00bb|||\u00bb global_colors_info=\u00bb{}\u00bb custom_padding__hover=\u00bb|||\u00bb][et_pb_cta title=\u00bbReserva tu tratamiento\u00bb button_url=\u00bb@ET-DC@eyJkeW5hbWljIjp0cnVlLCJjb250ZW50IjoicG9zdF9saW5rX3VybF9wYWdlIiwic2V0dGluZ3MiOnsicG9zdF9pZCI6IjIzNyIsImVuYWJsZV9odG1sIjoib2ZmIn19@\u00bb url_new_window=\u00bbon\u00bb button_text=\u00bbReservar en l\u00ednea\u00bb _builder_version=\u00bb4.16&#8243; _dynamic_attributes=\u00bbbutton_url\u00bb header_font=\u00bb||||||||\u00bb header_text_color=\u00bb#ffffff\u00bb header_font_size=\u00bb38px\u00bb header_line_height=\u00bb1.4em\u00bb body_font=\u00bb|500|||||||\u00bb body_text_color=\u00bb#FFFFFF\u00bb body_line_height=\u00bb1.9em\u00bb use_background_color=\u00bboff\u00bb custom_button=\u00bbon\u00bb button_text_color=\u00bb#FFFFFF\u00bb button_border_color=\u00bb#FFFFFF\u00bb button_alignment=\u00bbleft\u00bb text_orientation=\u00bbleft\u00bb max_width=\u00bb580px\u00bb max_width_tablet=\u00bb\u00bb max_width_phone=\u00bb\u00bb max_width_last_edited=\u00bbon|desktop\u00bb module_alignment=\u00bbleft\u00bb custom_margin=\u00bb|||\u00bb custom_padding=\u00bb76px|60px|76px|60px|true|\u00bb header_font_size_tablet=\u00bb32px\u00bb header_font_size_phone=\u00bb28px\u00bb header_font_size_last_edited=\u00bbon|phone\u00bb button_text_color_hover=\u00bb#2f3854&#8243; button_border_radius_hover=\u00bb66px\u00bb button_letter_spacing_hover=\u00bb1px\u00bb button_bg_color_hover=\u00bb#ffffff\u00bb locked=\u00bboff\u00bb global_colors_info=\u00bb{}\u00bb button_text_size__hover_enabled=\u00bboff\u00bb button_one_text_size__hover_enabled=\u00bboff\u00bb button_two_text_size__hover_enabled=\u00bboff\u00bb button_text_color__hover_enabled=\u00bbon|hover\u00bb button_text_color__hover=\u00bb#83C340&#8243; button_one_text_color__hover_enabled=\u00bboff\u00bb button_two_text_color__hover_enabled=\u00bboff\u00bb button_border_width__hover_enabled=\u00bboff\u00bb button_one_border_width__hover_enabled=\u00bboff\u00bb button_two_border_width__hover_enabled=\u00bboff\u00bb button_border_color__hover_enabled=\u00bboff\u00bb button_one_border_color__hover_enabled=\u00bboff\u00bb button_two_border_color__hover_enabled=\u00bboff\u00bb button_border_radius__hover_enabled=\u00bbon|hover\u00bb button_border_radius__hover=\u00bb\u00bb button_one_border_radius__hover_enabled=\u00bboff\u00bb button_two_border_radius__hover_enabled=\u00bboff\u00bb button_letter_spacing__hover_enabled=\u00bbon\u00bb button_letter_spacing__hover=\u00bb0px\u00bb button_one_letter_spacing__hover_enabled=\u00bboff\u00bb button_two_letter_spacing__hover_enabled=\u00bboff\u00bb button_bg_color__hover_enabled=\u00bbon|hover\u00bb button_bg_color__hover=\u00bb#234A5E\u00bb button_one_bg_color__hover_enabled=\u00bboff\u00bb button_two_bg_color__hover_enabled=\u00bboff\u00bb max_width__hover_enabled=\u00bbon|hover\u00bb border_radii__hover_enabled=\u00bbon|hover\u00bb border_radii__hover=\u00bbon||||\u00bb button_bg_enable_color__hover=\u00bbon\u00bb max_width__hover=\u00bb580px\u00bb]<\/p>\n<p>Si est\u00e1s buscando un oste\u00f3pata o fisioterapeuta en Palma de Mallorca, has llegado al lugar adecuado.<\/p>\n<p>Puedes reservar una cita f\u00e1cilmente:<\/p>\n<ul>\n<li><span style=\"color: #003366;\"><a href=\"https:\/\/www.osteopalma.eu\/bookonline\" style=\"color: #003366;\">En l\u00ednea<\/a><\/span><span> <\/span>(no es necesario registrarse)<\/li>\n<li>Tel\u00e9fono\/Whatsapp <span style=\"color: #234a5e;\"><a href=\"tel:+34670384130\" target=\"_blank\" rel=\"noopener\" style=\"color: #234a5e;\">+34 670 384 130<\/a><\/span><\/li>\n<li><span style=\"color: #003366;\"><a href=\"mailto:%20go@osteopalma.eu\" style=\"color: #003366;\">Correo electr\u00f3nico<\/a><\/span><\/li>\n<\/ul>\n<p>[\/et_pb_cta][\/et_pb_column][\/et_pb_row][\/et_pb_section]<\/p>\n","protected":false},"excerpt":{"rendered":"<p>PRECIOSSi est\u00e1s buscando un oste\u00f3pata o fisioterapeuta en Palma de Mallorca, has llegado al lugar adecuado. Puedes reservar una cita f\u00e1cilmente: En l\u00ednea (no es necesario registrarse) Tel\u00e9fono\/Whatsapp +34 670 384 130 Correo electr\u00f3nico<\/p>\n","protected":false},"author":1,"featured_media":0,"parent":0,"menu_order":0,"comment_status":"closed","ping_status":"closed","template":"","meta":{"_et_pb_use_builder":"on","_et_pb_old_content":"","_et_gb_content_width":"","footnotes":""},"class_list":["post-1802","page","type-page","status-publish","hentry"],"_links":{"self":[{"href":"https:\/\/www.osteopalma.eu\/es\/wp-json\/wp\/v2\/pages\/1802","targetHints":{"allow":["GET"]}}],"collection":[{"href":"https:\/\/www.osteopalma.eu\/es\/wp-json\/wp\/v2\/pages"}],"about":[{"href":"https:\/\/www.osteopalma.eu\/es\/wp-json\/wp\/v2\/types\/page"}],"author":[{"embeddable":true,"href":"https:\/\/www.osteopalma.eu\/es\/wp-json\/wp\/v2\/users\/1"}],"replies":[{"embeddable":true,"href":"https:\/\/www.osteopalma.eu\/es\/wp-json\/wp\/v2\/comments?post=1802"}],"version-history":[{"count":3,"href":"https:\/\/www.osteopalma.eu\/es\/wp-json\/wp\/v2\/pages\/1802\/revisions"}],"predecessor-version":[{"id":1808,"href":"https:\/\/www.osteopalma.eu\/es\/wp-json\/wp\/v2\/pages\/1802\/revisions\/1808"}],"wp:attachment":[{"href":"https:\/\/www.osteopalma.eu\/es\/wp-json\/wp\/v2\/media?parent=1802"}],"curies":[{"name":"wp","href":"https:\/\/api.w.org\/{rel}","templated":true}]}}