{"id":796,"date":"2022-01-11T17:21:22","date_gmt":"2022-01-11T17:21:22","guid":{"rendered":"https:\/\/www.osteopalma.eu\/home\/"},"modified":"2025-05-08T11:59:27","modified_gmt":"2025-05-08T11:59:27","slug":"home","status":"publish","type":"page","link":"https:\/\/www.osteopalma.eu\/es\/","title":{"rendered":"Home"},"content":{"rendered":"<p>[et_pb_section fb_built=\u00bb1&#8243; admin_label=\u00bbHero\u00bb _builder_version=\u00bb4.16&#8243; use_background_color_gradient=\u00bbon\u00bb background_color_gradient_stops=\u00bbrgba(255,255,255,0.43) 0%|rgba(255,255,255,0.43) 100%\u00bb background_color_gradient_overlays_image=\u00bbon\u00bb background_color_gradient_start=\u00bbrgba(255,255,255,0.43)\u00bb background_color_gradient_end=\u00bbrgba(255,255,255,0.43)\u00bb background_image=\u00bbhttps:\/\/www.osteopalma.eu\/wp-content\/uploads\/2021\/09\/OsteoPalma_Osteopathy_Osteopatia_Physiotherapy_Fisioterapia_Banner-1-van-1.jpg\u00bb custom_padding=\u00bb17vw||17vw||true|\u00bb background_last_edited=\u00bbon|phone\u00bb background_image_phone=\u00bbhttps:\/\/www.osteopalma.eu\/wp-content\/uploads\/2021\/10\/osteopalma-osteopathy-mallorca-mobile2.jpg\u00bb background_enable_image_phone=\u00bbon\u00bb global_colors_info=\u00bb{}\u00bb][et_pb_row _builder_version=\u00bb4.16&#8243; background_size=\u00bbinitial\u00bb background_position=\u00bbtop_left\u00bb background_repeat=\u00bbrepeat\u00bb global_colors_info=\u00bb{}\u00bb][et_pb_column type=\u00bb4_4&#8243; _builder_version=\u00bb4.16&#8243; custom_padding=\u00bb|||\u00bb global_colors_info=\u00bb{}\u00bb custom_padding__hover=\u00bb|||\u00bb][et_pb_text _builder_version=\u00bb4.27.0&#8243; _module_preset=\u00bbdefault\u00bb header_text_align=\u00bbcenter\u00bb header_text_color=\u00bb#234a5e\u00bb header_font_size=\u00bb38px\u00bb header_line_height=\u00bb1.5em\u00bb custom_margin=\u00bb||||false|false\u00bb header_font_size_tablet=\u00bb32px\u00bb header_font_size_phone=\u00bb28px\u00bb header_font_size_last_edited=\u00bbon|phone\u00bb global_colors_info=\u00bb{}\u00bb]<\/p>\n<h1>Cl\u00ednica de osteopat\u00eda<br \/>en Palma de Mallorca<\/h1>\n<p>[\/et_pb_text][et_pb_button button_url=\u00bb@ET-DC@eyJkeW5hbWljIjp0cnVlLCJjb250ZW50IjoicG9zdF9saW5rX3VybF9wYWdlIiwic2V0dGluZ3MiOnsicG9zdF9pZCI6IjIzNyJ9fQ==@\u00bb button_text=\u00bbRESERVAR ONLINE\u00bb button_alignment=\u00bbcenter\u00bb _builder_version=\u00bb4.16&#8243; _dynamic_attributes=\u00bbbutton_url\u00bb _module_preset=\u00bbdefault\u00bb custom_button=\u00bbon\u00bb button_text_color=\u00bb#FFFFFF\u00bb button_border_color=\u00bb#FFFFFF\u00bb global_colors_info=\u00bb{}\u00bb button_text_color__hover=\u00bb#83C340&#8243; button_text_color__hover_enabled=\u00bbon|hover\u00bb button_bg_color__hover=\u00bb#234A5E\u00bb button_bg_color__hover_enabled=\u00bbon|hover\u00bb button_border_radius__hover_enabled=\u00bbon|hover\u00bb button_letter_spacing__hover=\u00bb0px\u00bb button_letter_spacing__hover_enabled=\u00bbon\u00bb][\/et_pb_button][\/et_pb_column][\/et_pb_row][\/et_pb_section][et_pb_section fb_built=\u00bb1&#8243; admin_label=\u00bbFeatures\u00bb _builder_version=\u00bb4.16&#8243; custom_padding=\u00bb100px|0px|82px|0px||\u00bb global_colors_info=\u00bb{}\u00bb][et_pb_row _builder_version=\u00bb4.16&#8243; global_colors_info=\u00bb{}\u00bb][et_pb_column type=\u00bb4_4&#8243; _builder_version=\u00bb4.16&#8243; custom_padding=\u00bb|||\u00bb global_colors_info=\u00bb{}\u00bb custom_padding__hover=\u00bb|||\u00bb][et_pb_blurb title=\u00bbOSTEOPAT\u00cdA\u00bb image=\u00bbhttps:\/\/www.osteopalma.eu\/wp-content\/uploads\/2021\/07\/OsteoPalma_Osteopathy_Palma_Mallorca_web_-08218.jpg\u00bb _builder_version=\u00bb4.16&#8243; _module_preset=\u00bbdefault\u00bb header_level=\u00bbh1&#8243; header_font=\u00bb|||on|||||\u00bb header_text_align=\u00bbcenter\u00bb body_text_align=\u00bbcenter\u00bb animation_style=\u00bbfade\u00bb global_colors_info=\u00bb{}\u00bb]<\/p>\n<h4>Un dolor es una indicaci\u00f3n de que tu cuerpo est\u00e1 tratando de decirte algo.<\/h4>\n<p align=\"justify\" style=\"text-align: justify;\">Tu cuerpo es un complejo sistema funcional y los oste\u00f3patas son expertos que se encargan de estudiar y comprender su funcionamiento para lograr el balance perdido. El cuerpo humano tiene la asombrosa capacidad de curarse a s\u00ed mismo, pero a veces factores como el estr\u00e9s, la carga de trabajo, la nutrici\u00f3n, etc., afectan a estos mecanismos de autocuraci\u00f3n. Nuestro objetivo es la restauraci\u00f3n de estos mecanismos.<\/p>\n<p>[\/et_pb_blurb][et_pb_button button_url=\u00bb@ET-DC@eyJkeW5hbWljIjp0cnVlLCJjb250ZW50IjoicG9zdF9saW5rX3VybF9wYWdlIiwic2V0dGluZ3MiOnsicG9zdF9pZCI6IjE1MSJ9fQ==@\u00bb button_text=\u00bbM\u00e1s informaci\u00f3n\u00bb button_alignment=\u00bbcenter\u00bb _builder_version=\u00bb4.16&#8243; _dynamic_attributes=\u00bbbutton_url\u00bb _module_preset=\u00bbdefault\u00bb global_colors_info=\u00bb{}\u00bb custom_button=\u00bbon\u00bb button_text_color=\u00bb#FFFFFF\u00bb button_text_color__hover=\u00bb#83C340&#8243; button_text_color__hover_enabled=\u00bbon|hover\u00bb button_border_color=\u00bb#FFFFFF\u00bb button_bg_color__hover=\u00bb#234A5E\u00bb button_bg_color__hover_enabled=\u00bbon|hover\u00bb button_border_radius__hover_enabled=\u00bbon|hover\u00bb button_letter_spacing__hover=\u00bb0px\u00bb button_letter_spacing__hover_enabled=\u00bbon\u00bb][\/et_pb_button][\/et_pb_column][\/et_pb_row][\/et_pb_section][et_pb_section fb_built=\u00bb1&#8243; admin_label=\u00bbFeatures\u00bb _builder_version=\u00bb4.16&#8243; custom_padding=\u00bb0px|0px|0px|0px\u00bb global_colors_info=\u00bb{}\u00bb][et_pb_row column_structure=\u00bb1_2,1_2&#8243; use_custom_gutter=\u00bbon\u00bb gutter_width=\u00bb1&#8243; make_equal=\u00bbon\u00bb admin_label=\u00bbCTA Row\u00bb module_class=\u00bb et_pb_row_fullwidth\u00bb _builder_version=\u00bb4.16&#8243; width=\u00bb100%\u00bb width_tablet=\u00bb100%\u00bb width_phone=\u00bb\u00bb width_last_edited=\u00bbon|desktop\u00bb max_width=\u00bb100%\u00bb max_width_tablet=\u00bb100%\u00bb max_width_phone=\u00bb\u00bb max_width_last_edited=\u00bbon|desktop\u00bb custom_padding=\u00bb0px|0px|0px|0px\u00bb make_fullwidth=\u00bbon\u00bb global_colors_info=\u00bb{}\u00bb][et_pb_column type=\u00bb1_2&#8243; _builder_version=\u00bb4.16&#8243; background_image=\u00bbhttps:\/\/www.osteopalma.eu\/wp-content\/uploads\/2021\/09\/OsteoPalma_Osteopathy_Osteopatia_Physiotherapy_Fisioterapia_Treatment_Room_-1-van-1.jpg\u00bb custom_padding=\u00bb|||\u00bb global_colors_info=\u00bb{}\u00bb custom_padding__hover=\u00bb|||\u00bb][et_pb_divider show_divider=\u00bboff\u00bb _builder_version=\u00bb4.16&#8243; height=\u00bb400px\u00bb locked=\u00bboff\u00bb global_colors_info=\u00bb{}\u00bb][\/et_pb_divider][\/et_pb_column][et_pb_column type=\u00bb1_2&#8243; _builder_version=\u00bb4.16&#8243; background_color=\u00bb#234A5E\u00bb custom_padding=\u00bb|||\u00bb global_colors_info=\u00bb{}\u00bb custom_padding__hover=\u00bb|||\u00bb][et_pb_cta title=\u00bbReserva tu tratamiento\u00bb button_url=\u00bb@ET-DC@eyJkeW5hbWljIjp0cnVlLCJjb250ZW50IjoicG9zdF9saW5rX3VybF9wYWdlIiwic2V0dGluZ3MiOnsicG9zdF9pZCI6IjIzNyJ9fQ==@\u00bb url_new_window=\u00bbon\u00bb button_text=\u00bbRESERVAR ONLINE\u00bb _builder_version=\u00bb4.16&#8243; _dynamic_attributes=\u00bbbutton_url\u00bb header_font=\u00bb||||||||\u00bb header_text_color=\u00bb#ffffff\u00bb header_font_size=\u00bb38px\u00bb header_line_height=\u00bb1.4em\u00bb body_font=\u00bb|500|||||||\u00bb body_text_color=\u00bb#FFFFFF\u00bb body_line_height=\u00bb1.9em\u00bb use_background_color=\u00bboff\u00bb button_alignment=\u00bbleft\u00bb text_orientation=\u00bbleft\u00bb max_width=\u00bb580px\u00bb max_width_tablet=\u00bb\u00bb max_width_phone=\u00bb\u00bb max_width_last_edited=\u00bbon|desktop\u00bb module_alignment=\u00bbleft\u00bb custom_margin=\u00bb|||\u00bb custom_padding=\u00bb100px|60px|100px|60px\u00bb header_font_size_tablet=\u00bb32px\u00bb header_font_size_phone=\u00bb28px\u00bb header_font_size_last_edited=\u00bbon|phone\u00bb button_text_color_hover=\u00bb#2f3854&#8243; button_border_radius_hover=\u00bb66px\u00bb button_letter_spacing_hover=\u00bb1px\u00bb button_bg_color_hover=\u00bb#ffffff\u00bb locked=\u00bboff\u00bb global_colors_info=\u00bb{}\u00bb button_text_size__hover_enabled=\u00bboff\u00bb button_one_text_size__hover_enabled=\u00bboff\u00bb button_two_text_size__hover_enabled=\u00bboff\u00bb button_text_color__hover_enabled=\u00bbon|hover\u00bb button_text_color__hover=\u00bb#83C340&#8243; button_one_text_color__hover_enabled=\u00bboff\u00bb button_two_text_color__hover_enabled=\u00bboff\u00bb button_border_width__hover_enabled=\u00bboff\u00bb button_one_border_width__hover_enabled=\u00bboff\u00bb button_two_border_width__hover_enabled=\u00bboff\u00bb button_border_color__hover_enabled=\u00bboff\u00bb button_one_border_color__hover_enabled=\u00bboff\u00bb button_two_border_color__hover_enabled=\u00bboff\u00bb button_border_radius__hover_enabled=\u00bbon|hover\u00bb button_one_border_radius__hover_enabled=\u00bboff\u00bb button_two_border_radius__hover_enabled=\u00bboff\u00bb button_letter_spacing__hover_enabled=\u00bbon\u00bb button_letter_spacing__hover=\u00bb0px\u00bb button_one_letter_spacing__hover_enabled=\u00bboff\u00bb button_two_letter_spacing__hover_enabled=\u00bboff\u00bb button_bg_color__hover_enabled=\u00bbon|hover\u00bb button_bg_color__hover=\u00bb#234A5E\u00bb button_one_bg_color__hover_enabled=\u00bboff\u00bb button_two_bg_color__hover_enabled=\u00bboff\u00bb max_width__hover_enabled=\u00bbon|hover\u00bb border_radii__hover_enabled=\u00bbon|hover\u00bb border_radii__hover=\u00bbon||||\u00bb button_bg_enable_color__hover=\u00bbon\u00bb max_width__hover=\u00bb580px\u00bb custom_button=\u00bbon\u00bb button_text_color=\u00bb#FFFFFF\u00bb button_border_color=\u00bb#FFFFFF\u00bb]<\/p>\n<p>Si est\u00e1s buscando un oste\u00f3pata o fisioterapeuta en Palma de Mallorca, has llegado al lugar adecuado.<\/p>\n<p>Puedes reservar una cita f\u00e1cilmente:<\/p>\n<ul>\n<li><span style=\"color: #83c340;\"><a href=\"https:\/\/www.osteopalma.eu\/bookonline\" style=\"color: #83c340;\">En l\u00ednea<\/a><\/span> (no es necesario registrarse)<\/li>\n<li>Tel\u00e9fono\/Whatsapp <a href=\"tel:+34670384130\" target=\"_blank\" rel=\"noopener\">+34 670 384 130<\/a><\/li>\n<li><span style=\"color: #83c340;\"><a href=\"mailto:%20go@osteopalma.eu\" style=\"color: #83c340;\">Correo electr\u00f3nico<\/a><\/span><\/li>\n<\/ul>\n<p>[\/et_pb_cta][\/et_pb_column][\/et_pb_row][\/et_pb_section][et_pb_section fb_built=\u00bb1&#8243; _builder_version=\u00bb4.16&#8243; _module_preset=\u00bbdefault\u00bb global_colors_info=\u00bb{}\u00bb][et_pb_row column_structure=\u00bb1_4,1_2,1_4&#8243; _builder_version=\u00bb4.16&#8243; _module_preset=\u00bbdefault\u00bb global_colors_info=\u00bb{}\u00bb][et_pb_column type=\u00bb1_4&#8243; _builder_version=\u00bb4.16&#8243; _module_preset=\u00bbdefault\u00bb global_colors_info=\u00bb{}\u00bb][\/et_pb_column][et_pb_column type=\u00bb1_2&#8243; _builder_version=\u00bb4.16&#8243; _module_preset=\u00bbdefault\u00bb global_colors_info=\u00bb{}\u00bb][et_pb_accordion open_toggle_background_color=\u00bb#FFFFFF\u00bb icon_color=\u00bb#234A5E\u00bb _builder_version=\u00bb4.16&#8243; _module_preset=\u00bbdefault\u00bb global_colors_info=\u00bb{}\u00bb][et_pb_accordion_item title=\u00bbPREGUNTAS M\u00c1S FRECUENTES\u00bb open=\u00bbon\u00bb title_tablet=\u00bbPREGUNTAS M\u00c1S FRECUENTES\u00bb title_phone=\u00bbPREGUNTAS M\u00c1S FRECUENTES\u00bb title_last_edited=\u00bbon|phone\u00bb _builder_version=\u00bb4.16&#8243; _module_preset=\u00bbdefault\u00bb global_colors_info=\u00bb{}\u00bb toggle_level=\u00bbh3&#8243; toggle_text_align=\u00bbcenter\u00bb toggle_font_size=\u00bb21px\u00bb toggle_font_size_tablet=\u00bb18px\u00bb toggle_font_size_phone=\u00bb15px\u00bb toggle_font_size_last_edited=\u00bbon|desktop\u00bb][\/et_pb_accordion_item][et_pb_accordion_item title=\u00bb\u00bfQu\u00e9 esperar en tu primera visita?\u00bb _builder_version=\u00bb4.16&#8243; _module_preset=\u00bbdefault\u00bb global_colors_info=\u00bb{}\u00bb open=\u00bboff\u00bb]<\/p>\n<p>En el primer tratamiento haremos preguntas sobre tus dolencias actuales, tu historia cl\u00ednica y preguntas relacionadas con tu estilo de vida y actividades f\u00edsicas.<\/p>\n<p>Para el examen y tratamiento osteop\u00e1tico te pediremos que te quedes en ropa interior para poder examinar los movimientos de su columna vertebral y las estructuras asociadas. Puedes traer pantalones cortos o leggings si lo deseas.<\/p>\n<p>[\/et_pb_accordion_item][et_pb_accordion_item title=\u00bb\u00bfQu\u00e9 esperar despu\u00e9s del tratamiento?\u00bb _builder_version=\u00bb4.16&#8243; _module_preset=\u00bbdefault\u00bb global_colors_info=\u00bb{}\u00bb open=\u00bboff\u00bb]<\/p>\n<p>En la mayor\u00eda de los casos las personas se sienten mejor despu\u00e9s de la sesi\u00f3n, en algunos casos las personas pueden sentirse un poco adoloridas por 24 a 48 horas. En estos casos sugerimos hidroterapia para aliviar las molestias. Si lo deseas tambi\u00e9n puedes contactarnos.<\/p>\n<p>[\/et_pb_accordion_item][et_pb_accordion_item title=\u00bb\u00bfEs un tratamiento suficiente?\u00bb _builder_version=\u00bb4.16&#8243; _module_preset=\u00bbdefault\u00bb global_colors_info=\u00bb{}\u00bb open=\u00bboff\u00bb]<\/p>\n<p>Esto depende de m\u00faltiples factores, como la gravedad y la duraci\u00f3n de la lesi\u00f3n, las condiciones de salud entre otros.<\/p>\n<p>[\/et_pb_accordion_item][\/et_pb_accordion][\/et_pb_column][et_pb_column type=\u00bb1_4&#8243; _builder_version=\u00bb4.16&#8243; _module_preset=\u00bbdefault\u00bb global_colors_info=\u00bb{}\u00bb][\/et_pb_column][\/et_pb_row][\/et_pb_section]<\/p>\n","protected":false},"excerpt":{"rendered":"<p>Cl\u00ednica de osteopat\u00edaen Palma de MallorcaUn dolor es una indicaci\u00f3n de que tu cuerpo est\u00e1 tratando de decirte algo. Tu cuerpo es un complejo sistema funcional y los oste\u00f3patas son expertos que se encargan de estudiar y comprender su funcionamiento para lograr el balance perdido. El cuerpo humano tiene la asombrosa capacidad de curarse a [&hellip;]<\/p>\n","protected":false},"author":1,"featured_media":1607,"parent":0,"menu_order":0,"comment_status":"closed","ping_status":"closed","template":"","meta":{"_et_pb_use_builder":"on","_et_pb_old_content":"","_et_gb_content_width":"","footnotes":""},"class_list":["post-796","page","type-page","status-publish","has-post-thumbnail","hentry"],"_links":{"self":[{"href":"https:\/\/www.osteopalma.eu\/es\/wp-json\/wp\/v2\/pages\/796","targetHints":{"allow":["GET"]}}],"collection":[{"href":"https:\/\/www.osteopalma.eu\/es\/wp-json\/wp\/v2\/pages"}],"about":[{"href":"https:\/\/www.osteopalma.eu\/es\/wp-json\/wp\/v2\/types\/page"}],"author":[{"embeddable":true,"href":"https:\/\/www.osteopalma.eu\/es\/wp-json\/wp\/v2\/users\/1"}],"replies":[{"embeddable":true,"href":"https:\/\/www.osteopalma.eu\/es\/wp-json\/wp\/v2\/comments?post=796"}],"version-history":[{"count":18,"href":"https:\/\/www.osteopalma.eu\/es\/wp-json\/wp\/v2\/pages\/796\/revisions"}],"predecessor-version":[{"id":1837,"href":"https:\/\/www.osteopalma.eu\/es\/wp-json\/wp\/v2\/pages\/796\/revisions\/1837"}],"wp:featuredmedia":[{"embeddable":true,"href":"https:\/\/www.osteopalma.eu\/es\/wp-json\/wp\/v2\/media\/1607"}],"wp:attachment":[{"href":"https:\/\/www.osteopalma.eu\/es\/wp-json\/wp\/v2\/media?parent=796"}],"curies":[{"name":"wp","href":"https:\/\/api.w.org\/{rel}","templated":true}]}}